{"id":2,"date":"2021-11-02T04:18:47","date_gmt":"2021-11-02T04:18:47","guid":{"rendered":"https:\/\/vert-rouge.com\/blog\/?page_id=2"},"modified":"2023-10-24T14:34:09","modified_gmt":"2023-10-24T14:34:09","slug":"nos-epices","status":"publish","type":"page","link":"https:\/\/vert-rouge.com\/blog\/nos-epices","title":{"rendered":"Nos \u00e9pices"},"content":{"rendered":"\n<p>Retrouvez ici toutes les \u00e9pices que nous utilisons pour la pr\u00e9paration des diff\u00e9rentes recettes. L&rsquo;ensemble de nos recettes sont inspir\u00e9es de plats orientaux, avec une forte influence libanaise. De ce fait, toutes les \u00e9pices pr\u00e9sent\u00e9es ici peuvent \u00eatre facilement trouv\u00e9es dans les cuisine libanaise, et plus largement dans les cuisines orientales. <\/p>\n\n\n\n<p>Il n&#8217;emp\u00eache qu&rsquo;elles peuvent facilement s&rsquo;int\u00e9grer et s&rsquo;utiliser dans des plats plus traditionnels et europ\u00e9ens.<\/p>\n\n\n\n<p>Ces \u00e9pices sont pr\u00e9sentes depuis bien des ann\u00e9es dans le quotidien des pays orientaux et sont utilisation est quotidienne, venant assaisonner de nombreux plats, que ce soit de l&rsquo;entr\u00e9e au dessert. <\/p>\n\n\n\n<p>Nous vous d\u00e9taillons juste en dessous les principales \u00e9pices, en indiquant leur provenance, leur utilisation et leurs bienfaits pour la sant\u00e9, et ils sont nombreux ! <\/p>\n\n\n\n<p><\/p>\n\n\n<div class=\"wp-block-image\">\n<figure class=\"aligncenter size-full\"><a href=\"https:\/\/vert-rouge.com\/zaatar\/22-43-zaatar.html#\/26-poids-30g\"><img fetchpriority=\"high\" decoding=\"async\" width=\"800\" height=\"100\" src=\"https:\/\/vert-rouge.com\/blog\/wp-content\/uploads\/2021\/11\/banniere-epice_zaatar2.jpg\" alt=\"\" class=\"wp-image-192\" srcset=\"https:\/\/vert-rouge.com\/blog\/wp-content\/uploads\/2021\/11\/banniere-epice_zaatar2.jpg 800w, https:\/\/vert-rouge.com\/blog\/wp-content\/uploads\/2021\/11\/banniere-epice_zaatar2-300x38.jpg 300w, https:\/\/vert-rouge.com\/blog\/wp-content\/uploads\/2021\/11\/banniere-epice_zaatar2-768x96.jpg 768w, https:\/\/vert-rouge.com\/blog\/wp-content\/uploads\/2021\/11\/banniere-epice_zaatar2-480x60.jpg 480w\" sizes=\"(max-width: 800px) 100vw, 800px\" \/><\/a><\/figure><\/div>\n\n\n<p><\/p>\n\n\n\n<p>Le Sumac<\/p>\n\n\n\n<p><\/p>\n\n\n\n<p><\/p>\n","protected":false},"excerpt":{"rendered":"<p>Retrouvez ici toutes les \u00e9pices que nous utilisons pour la pr\u00e9paration des diff\u00e9rentes recettes. L&rsquo;ensemble de nos recettes sont inspir\u00e9es de plats orientaux, avec une forte influence libanaise. De ce fait, toutes les \u00e9pices pr\u00e9sent\u00e9es ici peuvent \u00eatre facilement trouv\u00e9es dans les cuisine libanaise, et plus largement dans les cuisines orientales. Il n&#8217;emp\u00eache qu&rsquo;elles peuvent facilement s&rsquo;int\u00e9grer et s&rsquo;utiliser dans &hellip; <\/p>\n","protected":false},"author":1,"featured_media":0,"parent":0,"menu_order":0,"comment_status":"closed","ping_status":"open","template":"","meta":[],"yoast_head":"<!-- This site is optimized with the Yoast SEO plugin v18.4 - https:\/\/yoast.com\/wordpress\/plugins\/seo\/ -->\n<title>Nos \u00e9pices - Blog Vert&amp;Rouge - Epicerie libanaise en ligne<\/title>\n<meta name=\"robots\" content=\"index, follow, max-snippet:-1, max-image-preview:large, max-video-preview:-1\" \/>\n<link rel=\"canonical\" href=\"https:\/\/vert-rouge.com\/blog\/nos-epices\" \/>\n<meta property=\"og:locale\" content=\"fr_FR\" \/>\n<meta property=\"og:type\" content=\"article\" \/>\n<meta property=\"og:title\" content=\"Nos \u00e9pices - Blog Vert&amp;Rouge - Epicerie libanaise en ligne\" \/>\n<meta property=\"og:description\" content=\"Retrouvez ici toutes les \u00e9pices que nous utilisons pour la pr\u00e9paration des diff\u00e9rentes recettes. L&rsquo;ensemble de nos recettes sont inspir\u00e9es de plats orientaux, avec une forte influence libanaise. De ce fait, toutes les \u00e9pices pr\u00e9sent\u00e9es ici peuvent \u00eatre facilement trouv\u00e9es dans les cuisine libanaise, et plus largement dans les cuisines orientales. Il n&#8217;emp\u00eache qu&rsquo;elles peuvent facilement s&rsquo;int\u00e9grer et s&rsquo;utiliser dans &hellip;\" \/>\n<meta property=\"og:url\" content=\"https:\/\/vert-rouge.com\/blog\/nos-epices\" \/>\n<meta property=\"og:site_name\" content=\"Blog Vert&amp;Rouge - Epicerie libanaise en ligne\" \/>\n<meta property=\"article:publisher\" content=\"https:\/\/www.facebook.com\/epicerievertrouge\" \/>\n<meta property=\"article:modified_time\" content=\"2023-10-24T14:34:09+00:00\" \/>\n<meta property=\"og:image\" content=\"https:\/\/vert-rouge.com\/blog\/wp-content\/uploads\/2021\/11\/banniere-epice_zaatar2.jpg\" \/>\n<meta name=\"twitter:card\" content=\"summary_large_image\" \/>\n<meta name=\"twitter:label1\" content=\"Dur\u00e9e de lecture estim\u00e9e\" \/>\n\t<meta name=\"twitter:data1\" content=\"1 minute\" \/>\n<script type=\"application\/ld+json\" class=\"yoast-schema-graph\">{\"@context\":\"https:\/\/schema.org\",\"@graph\":[{\"@type\":\"Organization\",\"@id\":\"https:\/\/vert-rouge.com\/blog\/#organization\",\"name\":\"L'Epicertie Vert&Rouge\",\"url\":\"https:\/\/vert-rouge.com\/blog\/\",\"sameAs\":[\"https:\/\/www.facebook.com\/epicerievertrouge\",\"https:\/\/www.instagram.com\/lepicerievertrouge\/\"],\"logo\":{\"@type\":\"ImageObject\",\"@id\":\"https:\/\/vert-rouge.com\/blog\/#logo\",\"inLanguage\":\"fr-FR\",\"url\":\"https:\/\/vert-rouge.com\/blog\/wp-content\/uploads\/2021\/11\/cropped-logo_vert_rouge_3.png\",\"contentUrl\":\"https:\/\/vert-rouge.com\/blog\/wp-content\/uploads\/2021\/11\/cropped-logo_vert_rouge_3.png\",\"width\":199,\"height\":40,\"caption\":\"L'Epicertie Vert&Rouge\"},\"image\":{\"@id\":\"https:\/\/vert-rouge.com\/blog\/#logo\"}},{\"@type\":\"WebSite\",\"@id\":\"https:\/\/vert-rouge.com\/blog\/#website\",\"url\":\"https:\/\/vert-rouge.com\/blog\/\",\"name\":\"Blog Vert&amp;Rouge - Epicerie libanaise en ligne\",\"description\":\"des recettes, des condiments, des &eacute;pices et des infusions\",\"publisher\":{\"@id\":\"https:\/\/vert-rouge.com\/blog\/#organization\"},\"potentialAction\":[{\"@type\":\"SearchAction\",\"target\":{\"@type\":\"EntryPoint\",\"urlTemplate\":\"https:\/\/vert-rouge.com\/blog\/?s={search_term_string}\"},\"query-input\":\"required name=search_term_string\"}],\"inLanguage\":\"fr-FR\"},{\"@type\":\"ImageObject\",\"@id\":\"https:\/\/vert-rouge.com\/blog\/nos-epices#primaryimage\",\"inLanguage\":\"fr-FR\",\"url\":\"https:\/\/vert-rouge.com\/blog\/wp-content\/uploads\/2021\/11\/banniere-epice_zaatar2.jpg\",\"contentUrl\":\"https:\/\/vert-rouge.com\/blog\/wp-content\/uploads\/2021\/11\/banniere-epice_zaatar2.jpg\",\"width\":800,\"height\":100},{\"@type\":\"WebPage\",\"@id\":\"https:\/\/vert-rouge.com\/blog\/nos-epices#webpage\",\"url\":\"https:\/\/vert-rouge.com\/blog\/nos-epices\",\"name\":\"Nos \u00e9pices - Blog Vert&amp;Rouge - Epicerie libanaise en ligne\",\"isPartOf\":{\"@id\":\"https:\/\/vert-rouge.com\/blog\/#website\"},\"primaryImageOfPage\":{\"@id\":\"https:\/\/vert-rouge.com\/blog\/nos-epices#primaryimage\"},\"datePublished\":\"2021-11-02T04:18:47+00:00\",\"dateModified\":\"2023-10-24T14:34:09+00:00\",\"breadcrumb\":{\"@id\":\"https:\/\/vert-rouge.com\/blog\/nos-epices#breadcrumb\"},\"inLanguage\":\"fr-FR\",\"potentialAction\":[{\"@type\":\"ReadAction\",\"target\":[\"https:\/\/vert-rouge.com\/blog\/nos-epices\"]}]},{\"@type\":\"BreadcrumbList\",\"@id\":\"https:\/\/vert-rouge.com\/blog\/nos-epices#breadcrumb\",\"itemListElement\":[{\"@type\":\"ListItem\",\"position\":1,\"name\":\"Accueil\",\"item\":\"https:\/\/vert-rouge.com\/blog\/\"},{\"@type\":\"ListItem\",\"position\":2,\"name\":\"Nos \u00e9pices\"}]}]}<\/script>\n<!-- \/ Yoast SEO plugin. -->","yoast_head_json":{"title":"Nos \u00e9pices - Blog Vert&amp;Rouge - Epicerie libanaise en ligne","robots":{"index":"index","follow":"follow","max-snippet":"max-snippet:-1","max-image-preview":"max-image-preview:large","max-video-preview":"max-video-preview:-1"},"canonical":"https:\/\/vert-rouge.com\/blog\/nos-epices","og_locale":"fr_FR","og_type":"article","og_title":"Nos \u00e9pices - Blog Vert&amp;Rouge - Epicerie libanaise en ligne","og_description":"Retrouvez ici toutes les \u00e9pices que nous utilisons pour la pr\u00e9paration des diff\u00e9rentes recettes. L&rsquo;ensemble de nos recettes sont inspir\u00e9es de plats orientaux, avec une forte influence libanaise. De ce fait, toutes les \u00e9pices pr\u00e9sent\u00e9es ici peuvent \u00eatre facilement trouv\u00e9es dans les cuisine libanaise, et plus largement dans les cuisines orientales. Il n&#8217;emp\u00eache qu&rsquo;elles peuvent facilement s&rsquo;int\u00e9grer et s&rsquo;utiliser dans &hellip;","og_url":"https:\/\/vert-rouge.com\/blog\/nos-epices","og_site_name":"Blog Vert&amp;Rouge - Epicerie libanaise en ligne","article_publisher":"https:\/\/www.facebook.com\/epicerievertrouge","article_modified_time":"2023-10-24T14:34:09+00:00","og_image":[{"url":"https:\/\/vert-rouge.com\/blog\/wp-content\/uploads\/2021\/11\/banniere-epice_zaatar2.jpg"}],"twitter_card":"summary_large_image","twitter_misc":{"Dur\u00e9e de lecture estim\u00e9e":"1 minute"},"schema":{"@context":"https:\/\/schema.org","@graph":[{"@type":"Organization","@id":"https:\/\/vert-rouge.com\/blog\/#organization","name":"L'Epicertie Vert&Rouge","url":"https:\/\/vert-rouge.com\/blog\/","sameAs":["https:\/\/www.facebook.com\/epicerievertrouge","https:\/\/www.instagram.com\/lepicerievertrouge\/"],"logo":{"@type":"ImageObject","@id":"https:\/\/vert-rouge.com\/blog\/#logo","inLanguage":"fr-FR","url":"https:\/\/vert-rouge.com\/blog\/wp-content\/uploads\/2021\/11\/cropped-logo_vert_rouge_3.png","contentUrl":"https:\/\/vert-rouge.com\/blog\/wp-content\/uploads\/2021\/11\/cropped-logo_vert_rouge_3.png","width":199,"height":40,"caption":"L'Epicertie Vert&Rouge"},"image":{"@id":"https:\/\/vert-rouge.com\/blog\/#logo"}},{"@type":"WebSite","@id":"https:\/\/vert-rouge.com\/blog\/#website","url":"https:\/\/vert-rouge.com\/blog\/","name":"Blog Vert&amp;Rouge - Epicerie libanaise en ligne","description":"des recettes, des condiments, des &eacute;pices et des infusions","publisher":{"@id":"https:\/\/vert-rouge.com\/blog\/#organization"},"potentialAction":[{"@type":"SearchAction","target":{"@type":"EntryPoint","urlTemplate":"https:\/\/vert-rouge.com\/blog\/?s={search_term_string}"},"query-input":"required name=search_term_string"}],"inLanguage":"fr-FR"},{"@type":"ImageObject","@id":"https:\/\/vert-rouge.com\/blog\/nos-epices#primaryimage","inLanguage":"fr-FR","url":"https:\/\/vert-rouge.com\/blog\/wp-content\/uploads\/2021\/11\/banniere-epice_zaatar2.jpg","contentUrl":"https:\/\/vert-rouge.com\/blog\/wp-content\/uploads\/2021\/11\/banniere-epice_zaatar2.jpg","width":800,"height":100},{"@type":"WebPage","@id":"https:\/\/vert-rouge.com\/blog\/nos-epices#webpage","url":"https:\/\/vert-rouge.com\/blog\/nos-epices","name":"Nos \u00e9pices - Blog Vert&amp;Rouge - Epicerie libanaise en ligne","isPartOf":{"@id":"https:\/\/vert-rouge.com\/blog\/#website"},"primaryImageOfPage":{"@id":"https:\/\/vert-rouge.com\/blog\/nos-epices#primaryimage"},"datePublished":"2021-11-02T04:18:47+00:00","dateModified":"2023-10-24T14:34:09+00:00","breadcrumb":{"@id":"https:\/\/vert-rouge.com\/blog\/nos-epices#breadcrumb"},"inLanguage":"fr-FR","potentialAction":[{"@type":"ReadAction","target":["https:\/\/vert-rouge.com\/blog\/nos-epices"]}]},{"@type":"BreadcrumbList","@id":"https:\/\/vert-rouge.com\/blog\/nos-epices#breadcrumb","itemListElement":[{"@type":"ListItem","position":1,"name":"Accueil","item":"https:\/\/vert-rouge.com\/blog\/"},{"@type":"ListItem","position":2,"name":"Nos \u00e9pices"}]}]}},"_links":{"self":[{"href":"https:\/\/vert-rouge.com\/blog\/wp-json\/wp\/v2\/pages\/2"}],"collection":[{"href":"https:\/\/vert-rouge.com\/blog\/wp-json\/wp\/v2\/pages"}],"about":[{"href":"https:\/\/vert-rouge.com\/blog\/wp-json\/wp\/v2\/types\/page"}],"author":[{"embeddable":true,"href":"https:\/\/vert-rouge.com\/blog\/wp-json\/wp\/v2\/users\/1"}],"replies":[{"embeddable":true,"href":"https:\/\/vert-rouge.com\/blog\/wp-json\/wp\/v2\/comments?post=2"}],"version-history":[{"count":16,"href":"https:\/\/vert-rouge.com\/blog\/wp-json\/wp\/v2\/pages\/2\/revisions"}],"predecessor-version":[{"id":341,"href":"https:\/\/vert-rouge.com\/blog\/wp-json\/wp\/v2\/pages\/2\/revisions\/341"}],"wp:attachment":[{"href":"https:\/\/vert-rouge.com\/blog\/wp-json\/wp\/v2\/media?parent=2"}],"curies":[{"name":"wp","href":"https:\/\/api.w.org\/{rel}","templated":true}]}}