{"id":259,"date":"2022-02-25T09:11:07","date_gmt":"2022-02-25T09:11:07","guid":{"rendered":"https:\/\/vert-rouge.com\/blog\/?page_id=259"},"modified":"2025-02-16T14:40:19","modified_gmt":"2025-02-16T13:40:19","slug":"lepice-sumac","status":"publish","type":"page","link":"https:\/\/vert-rouge.com\/blog\/nos-epices\/lepice-sumac","title":{"rendered":"L&rsquo;\u00e9pice Sumac"},"content":{"rendered":"<div class=\"wp-block-image\">\n<figure class=\"aligncenter size-full\"><img fetchpriority=\"high\" decoding=\"async\" width=\"472\" height=\"472\" src=\"https:\/\/vert-rouge.com\/blog\/wp-content\/uploads\/2024\/05\/sumac_libanais_vert_rouge.png\" alt=\"\" class=\"wp-image-372\" srcset=\"https:\/\/vert-rouge.com\/blog\/wp-content\/uploads\/2024\/05\/sumac_libanais_vert_rouge.png 472w, https:\/\/vert-rouge.com\/blog\/wp-content\/uploads\/2024\/05\/sumac_libanais_vert_rouge-300x300.png 300w, https:\/\/vert-rouge.com\/blog\/wp-content\/uploads\/2024\/05\/sumac_libanais_vert_rouge-150x150.png 150w, https:\/\/vert-rouge.com\/blog\/wp-content\/uploads\/2024\/05\/sumac_libanais_vert_rouge-60x60.png 60w\" sizes=\"(max-width: 472px) 100vw, 472px\" \/><\/figure><\/div>\n\n\n<p class=\"has-text-align-left\">Connaissez-vous le <a href=\"https:\/\/www.vert-rouge.com\/epices\/20-4-sumac.html#\/28-poids-30g\">sumac<\/a> ? Cette \u00e9pice orientale que nous commen\u00e7ons \u00e0 voir progressivement arriver dans nos assiettes et cuisines occidentales est reconnaissable gr\u00e2ce \u00e0 sa jolie couleur rubis. Mais en r\u00e9alit\u00e9,<strong> qu&rsquo;est-ce que le sumac<\/strong> ? D&rsquo;o\u00f9 vient-il et pourquoi est-il si souvent utilis\u00e9 dans les plats orientaux ? Est-ce une \u00e9pice bonne pour notre sant\u00e9 ?<\/p>\n\n\n\n<p><\/p>\n\n\n\n<p>Je vous propose de voir ensemble ce qu&rsquo;est l&rsquo;<strong>\u00e9pice sumac<\/strong> et je suis s\u00fbr qu&rsquo;apr\u00e8s, vous ne pourrez plus vous en passer au quotidien pour accompagner vos diverses pr\u00e9parations culinaires.<\/p>\n\n\n\n<p><\/p>\n\n\n\n<h2 class=\"has-text-color\" style=\"color:#6a9175\"><strong><span style=\"color:#678d72\" class=\"has-inline-color\">Qu&rsquo;est-ce que le sumac ?<\/span><\/strong><\/h2>\n\n\n\n<p><\/p>\n\n\n\n<p>Le <strong>sumac<\/strong>, avant de devenir une \u00e9pice, provient d&rsquo;un arbuste dont les fruits (sumac) pousse sous forme de petites baies rouges. Cette arbuste de la famille des anacardiac\u00e9es peut mesurer jusqu&rsquo;\u00e0 4m de hauteur et pr\u00e9f\u00e8re les endroits bien ensoleill\u00e9s o\u00f9 il pourra donner tous ses \u00e9clats rubis au baies de sumac. C&rsquo;est durant la p\u00e9riode estivale que les baies arrivent \u00e0 maturit\u00e9 et qu&rsquo;il est temps de les cueillir. Les baies sont ainsi r\u00e9colt\u00e9es et s\u00e9ch\u00e9es, avant d&rsquo;\u00eatres moulues pour en faire le sumac sous la forme que nous connaissons tous.<\/p>\n\n\n\n<p>Il rentre par ailleurs dans la composition du c\u00e9l\u00e8bre <a href=\"https:\/\/vert-rouge.com\/blog\/nos-epices\/lepice-zaatar\/\">zaatar libanais<\/a>, tant pour son go\u00fbt acidul\u00e9 mais aussi pour ses bienfaits pour la sant\u00e9.<\/p>\n\n\n\n<p><\/p>\n\n\n\n<h2><strong><span style=\"color:#678d72\" class=\"has-inline-color\">Quel go\u00fbt a le sumac ?<\/span><\/strong> <\/h2>\n\n\n\n<p>Le sumac a un go\u00fbt l\u00e9g\u00e8rement acidul\u00e9 et fruit\u00e9, proche de ce que l&rsquo;on peut retrouver avec le citron ou le vinaigre. C&rsquo;est d&rsquo;ailleurs pour cela qu&rsquo;on peut aussi entendre parler de sumac vinaigrier. De plus, le sumac est naturellement sal\u00e9, limitant la consommation de sel.<\/p>\n\n\n\n<p><\/p>\n\n\n\n<h2><strong><span style=\"color:#678d72\" class=\"has-inline-color\">Par quoi remplacer le sumac ?<\/span><\/strong>  <\/h2>\n\n\n\n<p>De par son go\u00fbt, le sumac peut facilement \u00eatre remplac\u00e9 par du citron ou bien du vinaigre lors des pr\u00e9parations. Vous pouvez aussi le remplacer par du sel.<\/p>\n\n\n\n<figure class=\"wp-block-image size-full\"><a href=\"https:\/\/vert-rouge.com\/blog\/telechargez-notre-e-book\"><img decoding=\"async\" width=\"6912\" height=\"3456\" src=\"https:\/\/vert-rouge.com\/blog\/wp-content\/uploads\/2024\/05\/ebook-recettes-libanaises-min.png\" alt=\"\" class=\"wp-image-787\"\/><\/a><\/figure>\n\n\n\n<h2 class=\"has-text-color\" style=\"color:#678d72\"><strong>Comment utiliser l&rsquo;\u00e9pice sumac ?<\/strong> <\/h2>\n\n\n\n<p>Vous pouvez utiliser le sumac de multiples fa\u00e7ons : <\/p>\n\n\n\n<ul>\n<li>Pour assaisonner vos \u0153ufs sur le plat, viandes grill\u00e9es, poissons<\/li>\n\n\n\n<li>Pour pr\u00e9parer le <a href=\"https:\/\/vert-rouge.com\/zaatar\/22-43-zaatar.html#\/26-poids-30g\">zaatar<\/a><\/li>\n\n\n\n<li>En remplacement du citron<\/li>\n<\/ul>\n\n\n\n<p>Le sumac est naturellement sal\u00e9, nous vous conseillons d&rsquo;utiliser peu de sel en m\u00eame temps.<\/p>\n\n\n\n<p>Il est pr\u00e9f\u00e9rable d&rsquo;utiliser cette \u00e9pice en fin ou apr\u00e8s cuisson car elle r\u00e9siste peu \u00e0 la chaleur.<\/p>\n\n\n\n<h2 class=\"has-text-color\" style=\"color:#678d72\"><strong>Quels sont les bienfaits du sumac ?<\/strong><\/h2>\n\n\n\n<p>L&rsquo;\u00e9pice sumac a des propri\u00e9t\u00e9s antioxydantes et anti-inflammatoires. Elle permet \u00e9galement une meilleure digestion.<\/p>\n\n\n\n<p><\/p>\n\n\n\n<p>Voil\u00e0 ! Vous savez \u00e0 pr\u00e9sent tout ce qu&rsquo;il faut savoir sur le sumac, il ne vous reste plus qu&rsquo;\u00e0 vous y mettre vous aussi et d\u00e9couvrir cette \u00e9pice qui je suis s\u00fbr saura faire sa place dans votre cuisine. C&rsquo;est par exemple une bonne id\u00e9e de l&rsquo;utiliser dans une <a href=\"https:\/\/vert-rouge.com\/blog\/apertitif\/recette-de-houmous\/\">recette de houmous<\/a>. <\/p>\n\n\n\n<p><\/p>\n\n\n\n<h2 class=\"has-text-color\" style=\"color:#678d72\"><strong>O\u00f9 acheter du sumac ?<\/strong><\/h2>\n\n\n\n<p>Vous pouvez commander du sumac directement sur notre boutique : <a href=\"http:\/\/vert-rouge.com\">vert-rouge.com<\/a> ! Nous proposons plusieurs conditionnements, sumac 30g, 75g ou 100g pour r\u00e9pondre au mieux \u00e0 vos besoins. <\/p>\n\n\n\n<p>Envie de tester le sumac ? Profitez d&rsquo;une remise de 15% pour votre 1\u00e8re commande sur notre site.<\/p>\n\n\n\n<p><\/p>\n\n\n\n<div class=\"schema-faq wp-block-yoast-faq-block\"><div class=\"schema-faq-section\" id=\"faq-question-1718036619665\"><strong class=\"schema-faq-question\"><\/strong> <p class=\"schema-faq-answer\"><\/p> <\/div> <\/div>\n","protected":false},"excerpt":{"rendered":"<p>Connaissez-vous le sumac ? Cette \u00e9pice orientale que nous commen\u00e7ons \u00e0 voir progressivement arriver dans nos assiettes et cuisines occidentales est reconnaissable gr\u00e2ce \u00e0 sa jolie couleur rubis. Mais en r\u00e9alit\u00e9, qu&rsquo;est-ce que le sumac ? D&rsquo;o\u00f9 vient-il et pourquoi est-il si souvent utilis\u00e9 dans les plats orientaux ? Est-ce une \u00e9pice bonne pour notre sant\u00e9 ? Je vous propose &hellip; <\/p>\n","protected":false},"author":1,"featured_media":0,"parent":2,"menu_order":0,"comment_status":"closed","ping_status":"closed","template":"","meta":[],"yoast_head":"<!-- This site is optimized with the Yoast SEO plugin v18.4 - https:\/\/yoast.com\/wordpress\/plugins\/seo\/ -->\n<title>L&#039;\u00e9pice Sumac - Blog Vert&amp;Rouge - Epicerie libanaise en ligne<\/title>\n<meta name=\"robots\" content=\"index, follow, max-snippet:-1, max-image-preview:large, max-video-preview:-1\" \/>\n<link rel=\"canonical\" href=\"https:\/\/vert-rouge.com\/blog\/nos-epices\/lepice-sumac\" \/>\n<meta property=\"og:locale\" content=\"fr_FR\" \/>\n<meta property=\"og:type\" content=\"article\" \/>\n<meta property=\"og:title\" content=\"L&#039;\u00e9pice Sumac - Blog Vert&amp;Rouge - Epicerie libanaise en ligne\" \/>\n<meta property=\"og:description\" content=\"Connaissez-vous le sumac ? Cette \u00e9pice orientale que nous commen\u00e7ons \u00e0 voir progressivement arriver dans nos assiettes et cuisines occidentales est reconnaissable gr\u00e2ce \u00e0 sa jolie couleur rubis. Mais en r\u00e9alit\u00e9, qu&rsquo;est-ce que le sumac ? D&rsquo;o\u00f9 vient-il et pourquoi est-il si souvent utilis\u00e9 dans les plats orientaux ? Est-ce une \u00e9pice bonne pour notre sant\u00e9 ? Je vous propose &hellip;\" \/>\n<meta property=\"og:url\" content=\"https:\/\/vert-rouge.com\/blog\/nos-epices\/lepice-sumac\" \/>\n<meta property=\"og:site_name\" content=\"Blog Vert&amp;Rouge - Epicerie libanaise en ligne\" \/>\n<meta property=\"article:publisher\" content=\"https:\/\/www.facebook.com\/epicerievertrouge\" \/>\n<meta property=\"article:modified_time\" content=\"2025-02-16T13:40:19+00:00\" \/>\n<meta property=\"og:image\" content=\"https:\/\/vert-rouge.com\/blog\/wp-content\/uploads\/2024\/05\/sumac_libanais_vert_rouge.png\" \/>\n<meta name=\"twitter:card\" content=\"summary_large_image\" \/>\n<meta name=\"twitter:label1\" content=\"Dur\u00e9e de lecture estim\u00e9e\" \/>\n\t<meta name=\"twitter:data1\" content=\"3 minutes\" \/>\n<script type=\"application\/ld+json\" class=\"yoast-schema-graph\">{\"@context\":\"https:\/\/schema.org\",\"@graph\":[{\"@type\":\"Organization\",\"@id\":\"https:\/\/vert-rouge.com\/blog\/#organization\",\"name\":\"L'Epicertie Vert&Rouge\",\"url\":\"https:\/\/vert-rouge.com\/blog\/\",\"sameAs\":[\"https:\/\/www.facebook.com\/epicerievertrouge\",\"https:\/\/www.instagram.com\/lepicerievertrouge\/\"],\"logo\":{\"@type\":\"ImageObject\",\"@id\":\"https:\/\/vert-rouge.com\/blog\/#logo\",\"inLanguage\":\"fr-FR\",\"url\":\"https:\/\/vert-rouge.com\/blog\/wp-content\/uploads\/2021\/11\/cropped-logo_vert_rouge_3.png\",\"contentUrl\":\"https:\/\/vert-rouge.com\/blog\/wp-content\/uploads\/2021\/11\/cropped-logo_vert_rouge_3.png\",\"width\":199,\"height\":40,\"caption\":\"L'Epicertie Vert&Rouge\"},\"image\":{\"@id\":\"https:\/\/vert-rouge.com\/blog\/#logo\"}},{\"@type\":\"WebSite\",\"@id\":\"https:\/\/vert-rouge.com\/blog\/#website\",\"url\":\"https:\/\/vert-rouge.com\/blog\/\",\"name\":\"Blog Vert&amp;Rouge - Epicerie libanaise en ligne\",\"description\":\"des recettes, des condiments, des &eacute;pices et des infusions\",\"publisher\":{\"@id\":\"https:\/\/vert-rouge.com\/blog\/#organization\"},\"potentialAction\":[{\"@type\":\"SearchAction\",\"target\":{\"@type\":\"EntryPoint\",\"urlTemplate\":\"https:\/\/vert-rouge.com\/blog\/?s={search_term_string}\"},\"query-input\":\"required name=search_term_string\"}],\"inLanguage\":\"fr-FR\"},{\"@type\":\"ImageObject\",\"@id\":\"https:\/\/vert-rouge.com\/blog\/nos-epices\/lepice-sumac#primaryimage\",\"inLanguage\":\"fr-FR\",\"url\":\"https:\/\/vert-rouge.com\/blog\/wp-content\/uploads\/2024\/05\/sumac_libanais_vert_rouge.png\",\"contentUrl\":\"https:\/\/vert-rouge.com\/blog\/wp-content\/uploads\/2024\/05\/sumac_libanais_vert_rouge.png\",\"width\":472,\"height\":472},{\"@type\":[\"WebPage\",\"FAQPage\"],\"@id\":\"https:\/\/vert-rouge.com\/blog\/nos-epices\/lepice-sumac#webpage\",\"url\":\"https:\/\/vert-rouge.com\/blog\/nos-epices\/lepice-sumac\",\"name\":\"L'\u00e9pice Sumac - Blog Vert&amp;Rouge - Epicerie libanaise en ligne\",\"isPartOf\":{\"@id\":\"https:\/\/vert-rouge.com\/blog\/#website\"},\"primaryImageOfPage\":{\"@id\":\"https:\/\/vert-rouge.com\/blog\/nos-epices\/lepice-sumac#primaryimage\"},\"datePublished\":\"2022-02-25T09:11:07+00:00\",\"dateModified\":\"2025-02-16T13:40:19+00:00\",\"breadcrumb\":{\"@id\":\"https:\/\/vert-rouge.com\/blog\/nos-epices\/lepice-sumac#breadcrumb\"},\"inLanguage\":\"fr-FR\",\"potentialAction\":[{\"@type\":\"ReadAction\",\"target\":[\"https:\/\/vert-rouge.com\/blog\/nos-epices\/lepice-sumac\"]}]},{\"@type\":\"BreadcrumbList\",\"@id\":\"https:\/\/vert-rouge.com\/blog\/nos-epices\/lepice-sumac#breadcrumb\",\"itemListElement\":[{\"@type\":\"ListItem\",\"position\":1,\"name\":\"Accueil\",\"item\":\"https:\/\/vert-rouge.com\/blog\/\"},{\"@type\":\"ListItem\",\"position\":2,\"name\":\"Nos \u00e9pices\",\"item\":\"https:\/\/vert-rouge.com\/blog\/nos-epices\"},{\"@type\":\"ListItem\",\"position\":3,\"name\":\"L&rsquo;\u00e9pice Sumac\"}]}]}<\/script>\n<!-- \/ Yoast SEO plugin. -->","yoast_head_json":{"title":"L'\u00e9pice Sumac - Blog Vert&amp;Rouge - Epicerie libanaise en ligne","robots":{"index":"index","follow":"follow","max-snippet":"max-snippet:-1","max-image-preview":"max-image-preview:large","max-video-preview":"max-video-preview:-1"},"canonical":"https:\/\/vert-rouge.com\/blog\/nos-epices\/lepice-sumac","og_locale":"fr_FR","og_type":"article","og_title":"L'\u00e9pice Sumac - Blog Vert&amp;Rouge - Epicerie libanaise en ligne","og_description":"Connaissez-vous le sumac ? Cette \u00e9pice orientale que nous commen\u00e7ons \u00e0 voir progressivement arriver dans nos assiettes et cuisines occidentales est reconnaissable gr\u00e2ce \u00e0 sa jolie couleur rubis. Mais en r\u00e9alit\u00e9, qu&rsquo;est-ce que le sumac ? D&rsquo;o\u00f9 vient-il et pourquoi est-il si souvent utilis\u00e9 dans les plats orientaux ? Est-ce une \u00e9pice bonne pour notre sant\u00e9 ? Je vous propose &hellip;","og_url":"https:\/\/vert-rouge.com\/blog\/nos-epices\/lepice-sumac","og_site_name":"Blog Vert&amp;Rouge - Epicerie libanaise en ligne","article_publisher":"https:\/\/www.facebook.com\/epicerievertrouge","article_modified_time":"2025-02-16T13:40:19+00:00","og_image":[{"url":"https:\/\/vert-rouge.com\/blog\/wp-content\/uploads\/2024\/05\/sumac_libanais_vert_rouge.png"}],"twitter_card":"summary_large_image","twitter_misc":{"Dur\u00e9e de lecture estim\u00e9e":"3 minutes"},"schema":{"@context":"https:\/\/schema.org","@graph":[{"@type":"Organization","@id":"https:\/\/vert-rouge.com\/blog\/#organization","name":"L'Epicertie Vert&Rouge","url":"https:\/\/vert-rouge.com\/blog\/","sameAs":["https:\/\/www.facebook.com\/epicerievertrouge","https:\/\/www.instagram.com\/lepicerievertrouge\/"],"logo":{"@type":"ImageObject","@id":"https:\/\/vert-rouge.com\/blog\/#logo","inLanguage":"fr-FR","url":"https:\/\/vert-rouge.com\/blog\/wp-content\/uploads\/2021\/11\/cropped-logo_vert_rouge_3.png","contentUrl":"https:\/\/vert-rouge.com\/blog\/wp-content\/uploads\/2021\/11\/cropped-logo_vert_rouge_3.png","width":199,"height":40,"caption":"L'Epicertie Vert&Rouge"},"image":{"@id":"https:\/\/vert-rouge.com\/blog\/#logo"}},{"@type":"WebSite","@id":"https:\/\/vert-rouge.com\/blog\/#website","url":"https:\/\/vert-rouge.com\/blog\/","name":"Blog Vert&amp;Rouge - Epicerie libanaise en ligne","description":"des recettes, des condiments, des &eacute;pices et des infusions","publisher":{"@id":"https:\/\/vert-rouge.com\/blog\/#organization"},"potentialAction":[{"@type":"SearchAction","target":{"@type":"EntryPoint","urlTemplate":"https:\/\/vert-rouge.com\/blog\/?s={search_term_string}"},"query-input":"required name=search_term_string"}],"inLanguage":"fr-FR"},{"@type":"ImageObject","@id":"https:\/\/vert-rouge.com\/blog\/nos-epices\/lepice-sumac#primaryimage","inLanguage":"fr-FR","url":"https:\/\/vert-rouge.com\/blog\/wp-content\/uploads\/2024\/05\/sumac_libanais_vert_rouge.png","contentUrl":"https:\/\/vert-rouge.com\/blog\/wp-content\/uploads\/2024\/05\/sumac_libanais_vert_rouge.png","width":472,"height":472},{"@type":["WebPage","FAQPage"],"@id":"https:\/\/vert-rouge.com\/blog\/nos-epices\/lepice-sumac#webpage","url":"https:\/\/vert-rouge.com\/blog\/nos-epices\/lepice-sumac","name":"L'\u00e9pice Sumac - Blog Vert&amp;Rouge - Epicerie libanaise en ligne","isPartOf":{"@id":"https:\/\/vert-rouge.com\/blog\/#website"},"primaryImageOfPage":{"@id":"https:\/\/vert-rouge.com\/blog\/nos-epices\/lepice-sumac#primaryimage"},"datePublished":"2022-02-25T09:11:07+00:00","dateModified":"2025-02-16T13:40:19+00:00","breadcrumb":{"@id":"https:\/\/vert-rouge.com\/blog\/nos-epices\/lepice-sumac#breadcrumb"},"inLanguage":"fr-FR","potentialAction":[{"@type":"ReadAction","target":["https:\/\/vert-rouge.com\/blog\/nos-epices\/lepice-sumac"]}]},{"@type":"BreadcrumbList","@id":"https:\/\/vert-rouge.com\/blog\/nos-epices\/lepice-sumac#breadcrumb","itemListElement":[{"@type":"ListItem","position":1,"name":"Accueil","item":"https:\/\/vert-rouge.com\/blog\/"},{"@type":"ListItem","position":2,"name":"Nos \u00e9pices","item":"https:\/\/vert-rouge.com\/blog\/nos-epices"},{"@type":"ListItem","position":3,"name":"L&rsquo;\u00e9pice Sumac"}]}]}},"_links":{"self":[{"href":"https:\/\/vert-rouge.com\/blog\/wp-json\/wp\/v2\/pages\/259"}],"collection":[{"href":"https:\/\/vert-rouge.com\/blog\/wp-json\/wp\/v2\/pages"}],"about":[{"href":"https:\/\/vert-rouge.com\/blog\/wp-json\/wp\/v2\/types\/page"}],"author":[{"embeddable":true,"href":"https:\/\/vert-rouge.com\/blog\/wp-json\/wp\/v2\/users\/1"}],"replies":[{"embeddable":true,"href":"https:\/\/vert-rouge.com\/blog\/wp-json\/wp\/v2\/comments?post=259"}],"version-history":[{"count":16,"href":"https:\/\/vert-rouge.com\/blog\/wp-json\/wp\/v2\/pages\/259\/revisions"}],"predecessor-version":[{"id":796,"href":"https:\/\/vert-rouge.com\/blog\/wp-json\/wp\/v2\/pages\/259\/revisions\/796"}],"up":[{"embeddable":true,"href":"https:\/\/vert-rouge.com\/blog\/wp-json\/wp\/v2\/pages\/2"}],"wp:attachment":[{"href":"https:\/\/vert-rouge.com\/blog\/wp-json\/wp\/v2\/media?parent=259"}],"curies":[{"name":"wp","href":"https:\/\/api.w.org\/{rel}","templated":true}]}}