{"id":305,"date":"2022-04-18T08:19:09","date_gmt":"2022-04-18T08:19:09","guid":{"rendered":"https:\/\/vert-rouge.com\/blog\/?page_id=305"},"modified":"2025-02-16T14:39:06","modified_gmt":"2025-02-16T13:39:06","slug":"par-quoi-remplacer-le-sumac","status":"publish","type":"page","link":"https:\/\/vert-rouge.com\/blog\/par-quoi-remplacer-le-sumac","title":{"rendered":"Par quoi remplacer le Sumac ?"},"content":{"rendered":"\t\t<div data-elementor-type=\"wp-page\" data-elementor-id=\"305\" class=\"elementor elementor-305\">\n\t\t\t\t<div class=\"elementor-element elementor-element-142c625d e-flex e-con-boxed e-con e-parent\" data-id=\"142c625d\" data-element_type=\"container\">\n\t\t\t\t\t<div class=\"e-con-inner\">\n\t\t\t\t<div class=\"elementor-element elementor-element-67eb2a5e elementor-widget elementor-widget-text-editor\" data-id=\"67eb2a5e\" data-element_type=\"widget\" data-widget_type=\"text-editor.default\">\n\t\t\t\t<div class=\"elementor-widget-container\">\n\t\t\t<style>\/*! elementor - v3.21.0 - 26-05-2024 *\/\n.elementor-widget-text-editor.elementor-drop-cap-view-stacked .elementor-drop-cap{background-color:#69727d;color:#fff}.elementor-widget-text-editor.elementor-drop-cap-view-framed .elementor-drop-cap{color:#69727d;border:3px solid;background-color:transparent}.elementor-widget-text-editor:not(.elementor-drop-cap-view-default) .elementor-drop-cap{margin-top:8px}.elementor-widget-text-editor:not(.elementor-drop-cap-view-default) .elementor-drop-cap-letter{width:1em;height:1em}.elementor-widget-text-editor .elementor-drop-cap{float:left;text-align:center;line-height:1;font-size:50px}.elementor-widget-text-editor .elementor-drop-cap-letter{display:inline-block}<\/style>\t\t\t\t<p><!-- wp:image {\"align\":\"center\",\"id\":310,\"sizeSlug\":\"full\",\"linkDestination\":\"none\"} --><\/p>\n<figure class=\"wp-block-image aligncenter size-full\"><img fetchpriority=\"high\" decoding=\"async\" width=\"600\" height=\"600\" class=\"wp-image-310\" src=\"https:\/\/vert-rouge.com\/blog\/wp-content\/uploads\/2022\/04\/sumac_epice_libanaise.jpg\" alt=\"\" srcset=\"https:\/\/vert-rouge.com\/blog\/wp-content\/uploads\/2022\/04\/sumac_epice_libanaise.jpg 600w, https:\/\/vert-rouge.com\/blog\/wp-content\/uploads\/2022\/04\/sumac_epice_libanaise-300x300.jpg 300w, https:\/\/vert-rouge.com\/blog\/wp-content\/uploads\/2022\/04\/sumac_epice_libanaise-150x150.jpg 150w, https:\/\/vert-rouge.com\/blog\/wp-content\/uploads\/2022\/04\/sumac_epice_libanaise-60x60.jpg 60w\" sizes=\"(max-width: 600px) 100vw, 600px\" \/>\n<p>\u00a0<\/p>\n<figcaption class=\"wp-element-caption\">Sumac \u00e9picerie libanaise Vert&amp;Rouge<\/figcaption>\n<\/figure>\n<p><!-- \/wp:image --><!-- wp:paragraph --><\/p>\n<p>Le <a href=\"https:\/\/vert-rouge.com\/blog\/nos-epices\/lepice-sumac\/\">Sumac<\/a> est une \u00e9pice tr\u00e8s utilis\u00e9e dans les <a href=\"http:\/\/vert-rouge.com\/blog\">recettes libanaises<\/a> mais qui peut \u00eatre difficile de trouver en France. Il existe n\u00e9anmoins de nombreuses fa\u00e7ons par lesquelles remplacer le sumac gr\u00e2ce \u00e0 des ingr\u00e9dients que l&rsquo;on trouve facilement dans une cuisine.<\/p>\n<p><!-- \/wp:paragraph --><!-- wp:paragraph --><\/p>\n<p>Nous retrouvons cette \u00e9pice dans de nombreuses pr\u00e9parations de plats ou mezz\u00e9s libanais : le <a href=\"https:\/\/vert-rouge.com\/blog\/apertitif\/recette-de-houmous\/\">houmous<\/a>, le <a href=\"https:\/\/vert-rouge.com\/blog\/nos-epices\/lepice-zaatar\/\">zaatar<\/a> ou encore en condiment dans des salades. Le go\u00fbt du sumac est proche de ce que nous avons avec le citron ou encore le vinaigre. C&rsquo;est d&rsquo;ailleurs courant de retrouver le <a href=\"https:\/\/www.vert-rouge.com\/epices\/20-4-sumac.html#\/28-poids-30g\">sumac<\/a> sous le nom de \u00ab\u00a0<b>sumac vinaigrier<\/b>\u00ab\u00a0.<\/p>\n<p><!-- \/wp:paragraph --><!-- wp:paragraph --><\/p>\n<p><!-- \/wp:paragraph --><!-- wp:paragraph --><\/p>\n<p>Voici une liste de substituts que vous pouvez utiliser pour remplacer le sumac.<\/p>\n<p><!-- \/wp:paragraph --><!-- wp:paragraph --><\/p>\n<p><!-- \/wp:paragraph --><!-- wp:heading --><\/p>\n<h2><strong>Le Citron<\/strong><\/h2>\n<p><!-- \/wp:heading --><!-- wp:paragraph --><\/p>\n<p>C&rsquo;est l&rsquo;une des fa\u00e7ons la plus simple de remplacer le sumac. De part son go\u00fbt acidul\u00e9, le citron est tr\u00e8s proche de ce que l&rsquo;on peut retrouver avec le sumac. Ajouter simplement du jus de citron \u00e0 la fin de votre pr\u00e9paration en ajustant la quantit\u00e9 en fonction de vos go\u00fbts.<\/p>\n<p><!-- \/wp:paragraph --><!-- wp:paragraph --><\/p>\n<p><!-- \/wp:paragraph --><!-- wp:heading --><\/p>\n<h2><strong>Le Vinaigre<\/strong><\/h2>\n<p><!-- \/wp:heading --><!-- wp:paragraph --><\/p>\n<p>Une autre fa\u00e7on simple de se rapprocher du go\u00fbt typique du sumac et de son acidit\u00e9. Remplacer du sumac par quelques cuill\u00e8res de vinaigre vous apportera le c\u00f4t\u00e9 aigre du cette \u00e9pice. Soyez prudent sur la quantit\u00e9 de vinaigre pour pas que votre pr\u00e9paration soit trop acide.<\/p>\n<p><!-- \/wp:paragraph --><!-- wp:paragraph --><\/p>\n<p><a href=\"https:\/\/vert-rouge.com\/blog\/telechargez-notre-e-book\"><img decoding=\"async\" class=\"alignnone wp-image-787 size-full\" src=\"https:\/\/vert-rouge.com\/blog\/wp-content\/uploads\/2024\/05\/ebook-recettes-libanaises-min.png\" alt=\"\" width=\"6912\" height=\"3456\" data-wp-editing=\"1\" \/><\/a><\/p>\n<p><!-- \/wp:paragraph --><!-- wp:heading --><\/p>\n<h2><strong>Poivre au citron <\/strong><\/h2>\n<p><!-- \/wp:heading --><!-- wp:paragraph --><\/p>\n<p>Comme son nom l&rsquo;indique, cette \u00e9pice est un m\u00e9lange de poivre et d&rsquo;\u00e9corce de citron s\u00e9ch\u00e9es. Le poivre au citron ne supporte pas une longue cuisson. On y pr\u00e9f\u00e9rera une utilisation en fin de cuisson ou juste avant de servir le plat. Cette combinaison du poivre et du citron apporte une jolie note acidul\u00e9e \u00e0 vos plats et sera un tr\u00e8s bon substitut pour le sumac. Pour s&rsquo;en rapprocher encore plus, nous vous conseillons d&rsquo;ajouter une pinc\u00e9e de sel en plus. En effet, le sumac est quant \u00e0 lui naturellement sal\u00e9. Venir ajouter du sel au poivre au citron vous assurera donc un go\u00fbt presque \u00e9quivalant au sumac.<\/p>\n<p><!-- \/wp:paragraph --><!-- wp:paragraph --><\/p>\n<p><!-- \/wp:paragraph --><!-- wp:image {\"id\":356,\"sizeSlug\":\"full\",\"linkDestination\":\"custom\"} --><\/p>\n<figure class=\"wp-block-image size-full\"><\/figure>\n<p><!-- \/wp:image --><!-- wp:paragraph --><\/p>\n<p>Bien s\u00fbr, il s&rsquo;agit ici d&rsquo;une liste d&rsquo;ingr\u00e9dients dont le go\u00fbt se rapproche du sumac mais qui ne remplacera pas le go\u00fbt v\u00e9ritable et authentique du sumac.\u00a0<span style=\"color: var( --e-global-color-text ); font-family: var( --e-global-typography-text-font-family ), Sans-serif; font-weight: var( --e-global-typography-text-font-weight ); text-align: var(--text-align);\">Si vous souhaitez d\u00e9couvrir cette \u00e9pice typique du Moyen-Orient et de la cuisine libanaise, vous pouvez la retrouver sur notre <\/span><a style=\"font-family: var( --e-global-typography-text-font-family ), Sans-serif; font-weight: var( --e-global-typography-text-font-weight ); text-align: var(--text-align); background-color: #ffffff;\" href=\"http:\/\/vert-rouge.com\">\u00e9picerie libanaise en ligne<\/a><\/p>\n<p><!-- \/wp:paragraph --><!-- wp:paragraph --><\/p>\n<p><!-- \/wp:paragraph --><\/p>\t\t\t\t\t\t<\/div>\n\t\t\t\t<\/div>\n\t\t\t\t\t<\/div>\n\t\t\t\t<\/div>\n\t\t<div class=\"elementor-element elementor-element-684e45d e-flex e-con-boxed e-con e-parent\" data-id=\"684e45d\" data-element_type=\"container\">\n\t\t\t\t\t<div class=\"e-con-inner\">\n\t\t\t\t<div class=\"elementor-element elementor-element-f9b11f9 elementor-widget elementor-widget-heading\" data-id=\"f9b11f9\" data-element_type=\"widget\" data-widget_type=\"heading.default\">\n\t\t\t\t<div class=\"elementor-widget-container\">\n\t\t\t<style>\/*! elementor - v3.21.0 - 26-05-2024 *\/\n.elementor-heading-title{padding:0;margin:0;line-height:1}.elementor-widget-heading .elementor-heading-title[class*=elementor-size-]>a{color:inherit;font-size:inherit;line-height:inherit}.elementor-widget-heading .elementor-heading-title.elementor-size-small{font-size:15px}.elementor-widget-heading .elementor-heading-title.elementor-size-medium{font-size:19px}.elementor-widget-heading .elementor-heading-title.elementor-size-large{font-size:29px}.elementor-widget-heading .elementor-heading-title.elementor-size-xl{font-size:39px}.elementor-widget-heading .elementor-heading-title.elementor-size-xxl{font-size:59px}<\/style><h2 class=\"elementor-heading-title elementor-size-default\">D\u00e9couvrez nos recettes<\/h2>\t\t<\/div>\n\t\t\t\t<\/div>\n\t\t\t\t\t<\/div>\n\t\t\t\t<\/div>\n\t\t<div class=\"elementor-element elementor-element-431226a e-flex e-con-boxed e-con e-parent\" data-id=\"431226a\" data-element_type=\"container\">\n\t\t\t\t\t<div class=\"e-con-inner\">\n\t\t\t\t<div class=\"elementor-element elementor-element-4a3093f elementor-grid-3 elementor-grid-tablet-2 elementor-grid-mobile-1 elementor-widget elementor-widget-elementor-blog-posts\" data-id=\"4a3093f\" data-element_type=\"widget\" data-settings=\"{&quot;columns&quot;:&quot;3&quot;,&quot;columns_tablet&quot;:&quot;2&quot;,&quot;columns_mobile&quot;:&quot;1&quot;}\" data-widget_type=\"elementor-blog-posts.default\">\n\t\t\t\t<div class=\"elementor-widget-container\">\n\t\t\t\t\t<div class=\"wpcap-grid\">\n\t\t\t\t\t\t<div class=\"wpcap-grid-container elementor-grid wpcap-grid-desktop-3 wpcap-grid-tablet-2 wpcap-grid-mobile-1\">\n\n\t\t\t\t\n        <article id=\"post-531\" class=\"wpcap-post post-531 post type-post status-publish format-standard has-post-thumbnail hentry category-apertitif\">\n         \n            <div class=\"post-grid-inner\">\n            \t\n            \t\t\t\t<div class=\"post-grid-thumbnail\">\n\t\t\t\t<a href=\"https:\/\/vert-rouge.com\/blog\/apertitif\/recette-pesto-basilic\">\n\t\t\t\t\t<img loading=\"lazy\" width=\"450\" height=\"450\" src=\"https:\/\/vert-rouge.com\/blog\/wp-content\/uploads\/2025\/11\/Pesto-vert-rouge.png\" class=\"attachment-full size-full wp-post-image\" alt=\"recette de pesto\" decoding=\"async\" loading=\"lazy\" srcset=\"https:\/\/vert-rouge.com\/blog\/wp-content\/uploads\/2025\/11\/Pesto-vert-rouge.png 450w, https:\/\/vert-rouge.com\/blog\/wp-content\/uploads\/2025\/11\/Pesto-vert-rouge-300x300.png 300w, https:\/\/vert-rouge.com\/blog\/wp-content\/uploads\/2025\/11\/Pesto-vert-rouge-150x150.png 150w, https:\/\/vert-rouge.com\/blog\/wp-content\/uploads\/2025\/11\/Pesto-vert-rouge-60x60.png 60w\" sizes=\"(max-width: 450px) 100vw, 450px\" \/>\t\t\t\t<\/a>\n\t\t\t<\/div>\n        \n                <div class=\"post-grid-text-wrap\">\n               \t\t\t\t<h3 class=\"title\">\n\t\t\t<a href=\"https:\/\/vert-rouge.com\/blog\/apertitif\/recette-pesto-basilic\">Le Pesto<\/a>\n\t\t<\/h3>\n\t\t\t                \t                \t\t<div class=\"post-grid-excerpt\">\n\t\t\t<p>La Sauce Qui R\u00e9veille Tous vos Plats Le pesto, ou \u00ab pesto alla genovese \u00bb, nous vient de G\u00eanes,&hellip;<\/p>\n\t\t<\/div>\n\t\t\t                \t\t<a class=\"read-more-btn\" href=\"https:\/\/vert-rouge.com\/blog\/apertitif\/recette-pesto-basilic\">Voir la recette \u00bb<\/a>\n\t\t                <\/div>\n\n            <\/div><!-- .blog-inner -->\n           \n        <\/article>\n\n        \n        <article id=\"post-513\" class=\"wpcap-post post-513 post type-post status-publish format-standard has-post-thumbnail hentry category-apertitif\">\n         \n            <div class=\"post-grid-inner\">\n            \t\n            \t\t\t\t<div class=\"post-grid-thumbnail\">\n\t\t\t\t<a href=\"https:\/\/vert-rouge.com\/blog\/apertitif\/la-creme-de-sesame-le-condiment-aux-multiples-vertus\">\n\t\t\t\t\t<img loading=\"lazy\" width=\"450\" height=\"450\" src=\"https:\/\/vert-rouge.com\/blog\/wp-content\/uploads\/2025\/01\/Design-sans-titre-2.png\" class=\"attachment-full size-full wp-post-image\" alt=\"\" decoding=\"async\" loading=\"lazy\" srcset=\"https:\/\/vert-rouge.com\/blog\/wp-content\/uploads\/2025\/01\/Design-sans-titre-2.png 450w, https:\/\/vert-rouge.com\/blog\/wp-content\/uploads\/2025\/01\/Design-sans-titre-2-300x300.png 300w, https:\/\/vert-rouge.com\/blog\/wp-content\/uploads\/2025\/01\/Design-sans-titre-2-150x150.png 150w, https:\/\/vert-rouge.com\/blog\/wp-content\/uploads\/2025\/01\/Design-sans-titre-2-60x60.png 60w\" sizes=\"(max-width: 450px) 100vw, 450px\" \/>\t\t\t\t<\/a>\n\t\t\t<\/div>\n        \n                <div class=\"post-grid-text-wrap\">\n               \t\t\t\t<h3 class=\"title\">\n\t\t\t<a href=\"https:\/\/vert-rouge.com\/blog\/apertitif\/la-creme-de-sesame-le-condiment-aux-multiples-vertus\">La cr\u00e8me de s\u00e9same : le condiment aux multiples vertus<\/a>\n\t\t<\/h3>\n\t\t\t                \t                \t\t<div class=\"post-grid-excerpt\">\n\t\t\t<p>La cr\u00e8me de s\u00e9same, souvent appel\u00e9e tahini, est un condiment incontournable dans de nombreuses cuisines du Moyen-Orient, d\u2019Asie et&hellip;<\/p>\n\t\t<\/div>\n\t\t\t                \t\t<a class=\"read-more-btn\" href=\"https:\/\/vert-rouge.com\/blog\/apertitif\/la-creme-de-sesame-le-condiment-aux-multiples-vertus\">Voir la recette \u00bb<\/a>\n\t\t                <\/div>\n\n            <\/div><!-- .blog-inner -->\n           \n        <\/article>\n\n        \n        <article id=\"post-508\" class=\"wpcap-post post-508 post type-post status-publish format-standard has-post-thumbnail hentry category-dessert\">\n         \n            <div class=\"post-grid-inner\">\n            \t\n            \t\t\t\t<div class=\"post-grid-thumbnail\">\n\t\t\t\t<a href=\"https:\/\/vert-rouge.com\/blog\/dessert\/la-fleur-doranger-un-condiment-parfume-aux-multiples-vertus\">\n\t\t\t\t\t<img loading=\"lazy\" width=\"450\" height=\"450\" src=\"https:\/\/vert-rouge.com\/blog\/wp-content\/uploads\/2025\/01\/Design-sans-titre-1.png\" class=\"attachment-full size-full wp-post-image\" alt=\"\" decoding=\"async\" loading=\"lazy\" srcset=\"https:\/\/vert-rouge.com\/blog\/wp-content\/uploads\/2025\/01\/Design-sans-titre-1.png 450w, https:\/\/vert-rouge.com\/blog\/wp-content\/uploads\/2025\/01\/Design-sans-titre-1-300x300.png 300w, https:\/\/vert-rouge.com\/blog\/wp-content\/uploads\/2025\/01\/Design-sans-titre-1-150x150.png 150w, https:\/\/vert-rouge.com\/blog\/wp-content\/uploads\/2025\/01\/Design-sans-titre-1-60x60.png 60w\" sizes=\"(max-width: 450px) 100vw, 450px\" \/>\t\t\t\t<\/a>\n\t\t\t<\/div>\n        \n                <div class=\"post-grid-text-wrap\">\n               \t\t\t\t<h3 class=\"title\">\n\t\t\t<a href=\"https:\/\/vert-rouge.com\/blog\/dessert\/la-fleur-doranger-un-condiment-parfume-aux-multiples-vertus\">\ud83e\udde1 La fleur d\u2019oranger : Un condiment parfum\u00e9 aux multiples vertus \ud83c\udf4a<\/a>\n\t\t<\/h3>\n\t\t\t                \t                \t\t<div class=\"post-grid-excerpt\">\n\t\t\t<p>Les fleurs du bigaradier, un oranger amer, extraient la fleur d&rsquo;oranger, qui est bien plus qu\u2019un simple parfum d\u00e9licat.&hellip;<\/p>\n\t\t<\/div>\n\t\t\t                \t\t<a class=\"read-more-btn\" href=\"https:\/\/vert-rouge.com\/blog\/dessert\/la-fleur-doranger-un-condiment-parfume-aux-multiples-vertus\">Voir la recette \u00bb<\/a>\n\t\t                <\/div>\n\n            <\/div><!-- .blog-inner -->\n           \n        <\/article>\n\n        \n\t\t\t<\/div>\n\t\t<\/div>\n\t\t\t\t<\/div>\n\t\t\t\t<\/div>\n\t\t\t\t\t<\/div>\n\t\t\t\t<\/div>\n\t\t\t\t<\/div>\n\t\t","protected":false},"excerpt":{"rendered":"<p>Le Sumac est une \u00e9pice tr\u00e8s utilis\u00e9e dans les recettes libanaises mais qui peut \u00eatre difficile de trouver en France. Il existe n\u00e9anmoins de nombreuses fa\u00e7ons par lesquelles remplacer le sumac gr\u00e2ce \u00e0 des ingr\u00e9dients que l&rsquo;on trouve facilement dans une cuisine. Nous retrouvons cette \u00e9pice dans de nombreuses pr\u00e9parations de plats ou mezz\u00e9s libanais : le houmous, le zaatar &hellip; <\/p>\n","protected":false},"author":1,"featured_media":0,"parent":0,"menu_order":0,"comment_status":"closed","ping_status":"closed","template":"","meta":[],"yoast_head":"<!-- This site is optimized with the Yoast SEO plugin v18.4 - https:\/\/yoast.com\/wordpress\/plugins\/seo\/ -->\n<title>Par quoi remplacer le Sumac ? - Blog Vert&amp;Rouge - Epicerie libanaise en ligne<\/title>\n<meta name=\"description\" content=\"Le sumac peut se remplacer par plusieurs ingr\u00e9dients : du citron, du vinaigre ou encore du poivre au citron\" \/>\n<meta name=\"robots\" content=\"index, follow, max-snippet:-1, max-image-preview:large, max-video-preview:-1\" \/>\n<link rel=\"canonical\" href=\"https:\/\/vert-rouge.com\/blog\/par-quoi-remplacer-le-sumac\" \/>\n<meta property=\"og:locale\" content=\"fr_FR\" \/>\n<meta property=\"og:type\" content=\"article\" \/>\n<meta property=\"og:title\" content=\"Par quoi remplacer le Sumac ? - Blog Vert&amp;Rouge - Epicerie libanaise en ligne\" \/>\n<meta property=\"og:description\" content=\"Le sumac peut se remplacer par plusieurs ingr\u00e9dients : du citron, du vinaigre ou encore du poivre au citron\" \/>\n<meta property=\"og:url\" content=\"https:\/\/vert-rouge.com\/blog\/par-quoi-remplacer-le-sumac\" \/>\n<meta property=\"og:site_name\" content=\"Blog Vert&amp;Rouge - Epicerie libanaise en ligne\" \/>\n<meta property=\"article:publisher\" content=\"https:\/\/www.facebook.com\/epicerievertrouge\" \/>\n<meta property=\"article:modified_time\" content=\"2025-02-16T13:39:06+00:00\" \/>\n<meta property=\"og:image\" content=\"https:\/\/vert-rouge.com\/blog\/wp-content\/uploads\/2022\/04\/sumac_epice_libanaise.jpg\" \/>\n<meta name=\"twitter:card\" content=\"summary_large_image\" \/>\n<meta name=\"twitter:label1\" content=\"Dur\u00e9e de lecture estim\u00e9e\" \/>\n\t<meta name=\"twitter:data1\" content=\"4 minutes\" \/>\n<script type=\"application\/ld+json\" class=\"yoast-schema-graph\">{\"@context\":\"https:\/\/schema.org\",\"@graph\":[{\"@type\":\"Organization\",\"@id\":\"https:\/\/vert-rouge.com\/blog\/#organization\",\"name\":\"L'Epicertie Vert&Rouge\",\"url\":\"https:\/\/vert-rouge.com\/blog\/\",\"sameAs\":[\"https:\/\/www.facebook.com\/epicerievertrouge\",\"https:\/\/www.instagram.com\/lepicerievertrouge\/\"],\"logo\":{\"@type\":\"ImageObject\",\"@id\":\"https:\/\/vert-rouge.com\/blog\/#logo\",\"inLanguage\":\"fr-FR\",\"url\":\"https:\/\/vert-rouge.com\/blog\/wp-content\/uploads\/2021\/11\/cropped-logo_vert_rouge_3.png\",\"contentUrl\":\"https:\/\/vert-rouge.com\/blog\/wp-content\/uploads\/2021\/11\/cropped-logo_vert_rouge_3.png\",\"width\":199,\"height\":40,\"caption\":\"L'Epicertie Vert&Rouge\"},\"image\":{\"@id\":\"https:\/\/vert-rouge.com\/blog\/#logo\"}},{\"@type\":\"WebSite\",\"@id\":\"https:\/\/vert-rouge.com\/blog\/#website\",\"url\":\"https:\/\/vert-rouge.com\/blog\/\",\"name\":\"Blog Vert&amp;Rouge - Epicerie libanaise en ligne\",\"description\":\"des recettes, des condiments, des &eacute;pices et des infusions\",\"publisher\":{\"@id\":\"https:\/\/vert-rouge.com\/blog\/#organization\"},\"potentialAction\":[{\"@type\":\"SearchAction\",\"target\":{\"@type\":\"EntryPoint\",\"urlTemplate\":\"https:\/\/vert-rouge.com\/blog\/?s={search_term_string}\"},\"query-input\":\"required name=search_term_string\"}],\"inLanguage\":\"fr-FR\"},{\"@type\":\"ImageObject\",\"@id\":\"https:\/\/vert-rouge.com\/blog\/par-quoi-remplacer-le-sumac#primaryimage\",\"inLanguage\":\"fr-FR\",\"url\":\"https:\/\/vert-rouge.com\/blog\/wp-content\/uploads\/2022\/04\/sumac_epice_libanaise.jpg\",\"contentUrl\":\"https:\/\/vert-rouge.com\/blog\/wp-content\/uploads\/2022\/04\/sumac_epice_libanaise.jpg\",\"width\":600,\"height\":600},{\"@type\":\"WebPage\",\"@id\":\"https:\/\/vert-rouge.com\/blog\/par-quoi-remplacer-le-sumac#webpage\",\"url\":\"https:\/\/vert-rouge.com\/blog\/par-quoi-remplacer-le-sumac\",\"name\":\"Par quoi remplacer le Sumac ? - Blog Vert&amp;Rouge - Epicerie libanaise en ligne\",\"isPartOf\":{\"@id\":\"https:\/\/vert-rouge.com\/blog\/#website\"},\"primaryImageOfPage\":{\"@id\":\"https:\/\/vert-rouge.com\/blog\/par-quoi-remplacer-le-sumac#primaryimage\"},\"datePublished\":\"2022-04-18T08:19:09+00:00\",\"dateModified\":\"2025-02-16T13:39:06+00:00\",\"description\":\"Le sumac peut se remplacer par plusieurs ingr\u00e9dients : du citron, du vinaigre ou encore du poivre au citron\",\"breadcrumb\":{\"@id\":\"https:\/\/vert-rouge.com\/blog\/par-quoi-remplacer-le-sumac#breadcrumb\"},\"inLanguage\":\"fr-FR\",\"potentialAction\":[{\"@type\":\"ReadAction\",\"target\":[\"https:\/\/vert-rouge.com\/blog\/par-quoi-remplacer-le-sumac\"]}]},{\"@type\":\"BreadcrumbList\",\"@id\":\"https:\/\/vert-rouge.com\/blog\/par-quoi-remplacer-le-sumac#breadcrumb\",\"itemListElement\":[{\"@type\":\"ListItem\",\"position\":1,\"name\":\"Accueil\",\"item\":\"https:\/\/vert-rouge.com\/blog\/\"},{\"@type\":\"ListItem\",\"position\":2,\"name\":\"Par quoi remplacer le Sumac ?\"}]}]}<\/script>\n<!-- \/ Yoast SEO plugin. -->","yoast_head_json":{"title":"Par quoi remplacer le Sumac ? - Blog Vert&amp;Rouge - Epicerie libanaise en ligne","description":"Le sumac peut se remplacer par plusieurs ingr\u00e9dients : du citron, du vinaigre ou encore du poivre au citron","robots":{"index":"index","follow":"follow","max-snippet":"max-snippet:-1","max-image-preview":"max-image-preview:large","max-video-preview":"max-video-preview:-1"},"canonical":"https:\/\/vert-rouge.com\/blog\/par-quoi-remplacer-le-sumac","og_locale":"fr_FR","og_type":"article","og_title":"Par quoi remplacer le Sumac ? - Blog Vert&amp;Rouge - Epicerie libanaise en ligne","og_description":"Le sumac peut se remplacer par plusieurs ingr\u00e9dients : du citron, du vinaigre ou encore du poivre au citron","og_url":"https:\/\/vert-rouge.com\/blog\/par-quoi-remplacer-le-sumac","og_site_name":"Blog Vert&amp;Rouge - Epicerie libanaise en ligne","article_publisher":"https:\/\/www.facebook.com\/epicerievertrouge","article_modified_time":"2025-02-16T13:39:06+00:00","og_image":[{"url":"https:\/\/vert-rouge.com\/blog\/wp-content\/uploads\/2022\/04\/sumac_epice_libanaise.jpg"}],"twitter_card":"summary_large_image","twitter_misc":{"Dur\u00e9e de lecture estim\u00e9e":"4 minutes"},"schema":{"@context":"https:\/\/schema.org","@graph":[{"@type":"Organization","@id":"https:\/\/vert-rouge.com\/blog\/#organization","name":"L'Epicertie Vert&Rouge","url":"https:\/\/vert-rouge.com\/blog\/","sameAs":["https:\/\/www.facebook.com\/epicerievertrouge","https:\/\/www.instagram.com\/lepicerievertrouge\/"],"logo":{"@type":"ImageObject","@id":"https:\/\/vert-rouge.com\/blog\/#logo","inLanguage":"fr-FR","url":"https:\/\/vert-rouge.com\/blog\/wp-content\/uploads\/2021\/11\/cropped-logo_vert_rouge_3.png","contentUrl":"https:\/\/vert-rouge.com\/blog\/wp-content\/uploads\/2021\/11\/cropped-logo_vert_rouge_3.png","width":199,"height":40,"caption":"L'Epicertie Vert&Rouge"},"image":{"@id":"https:\/\/vert-rouge.com\/blog\/#logo"}},{"@type":"WebSite","@id":"https:\/\/vert-rouge.com\/blog\/#website","url":"https:\/\/vert-rouge.com\/blog\/","name":"Blog Vert&amp;Rouge - Epicerie libanaise en ligne","description":"des recettes, des condiments, des &eacute;pices et des infusions","publisher":{"@id":"https:\/\/vert-rouge.com\/blog\/#organization"},"potentialAction":[{"@type":"SearchAction","target":{"@type":"EntryPoint","urlTemplate":"https:\/\/vert-rouge.com\/blog\/?s={search_term_string}"},"query-input":"required name=search_term_string"}],"inLanguage":"fr-FR"},{"@type":"ImageObject","@id":"https:\/\/vert-rouge.com\/blog\/par-quoi-remplacer-le-sumac#primaryimage","inLanguage":"fr-FR","url":"https:\/\/vert-rouge.com\/blog\/wp-content\/uploads\/2022\/04\/sumac_epice_libanaise.jpg","contentUrl":"https:\/\/vert-rouge.com\/blog\/wp-content\/uploads\/2022\/04\/sumac_epice_libanaise.jpg","width":600,"height":600},{"@type":"WebPage","@id":"https:\/\/vert-rouge.com\/blog\/par-quoi-remplacer-le-sumac#webpage","url":"https:\/\/vert-rouge.com\/blog\/par-quoi-remplacer-le-sumac","name":"Par quoi remplacer le Sumac ? - Blog Vert&amp;Rouge - Epicerie libanaise en ligne","isPartOf":{"@id":"https:\/\/vert-rouge.com\/blog\/#website"},"primaryImageOfPage":{"@id":"https:\/\/vert-rouge.com\/blog\/par-quoi-remplacer-le-sumac#primaryimage"},"datePublished":"2022-04-18T08:19:09+00:00","dateModified":"2025-02-16T13:39:06+00:00","description":"Le sumac peut se remplacer par plusieurs ingr\u00e9dients : du citron, du vinaigre ou encore du poivre au citron","breadcrumb":{"@id":"https:\/\/vert-rouge.com\/blog\/par-quoi-remplacer-le-sumac#breadcrumb"},"inLanguage":"fr-FR","potentialAction":[{"@type":"ReadAction","target":["https:\/\/vert-rouge.com\/blog\/par-quoi-remplacer-le-sumac"]}]},{"@type":"BreadcrumbList","@id":"https:\/\/vert-rouge.com\/blog\/par-quoi-remplacer-le-sumac#breadcrumb","itemListElement":[{"@type":"ListItem","position":1,"name":"Accueil","item":"https:\/\/vert-rouge.com\/blog\/"},{"@type":"ListItem","position":2,"name":"Par quoi remplacer le Sumac ?"}]}]}},"_links":{"self":[{"href":"https:\/\/vert-rouge.com\/blog\/wp-json\/wp\/v2\/pages\/305"}],"collection":[{"href":"https:\/\/vert-rouge.com\/blog\/wp-json\/wp\/v2\/pages"}],"about":[{"href":"https:\/\/vert-rouge.com\/blog\/wp-json\/wp\/v2\/types\/page"}],"author":[{"embeddable":true,"href":"https:\/\/vert-rouge.com\/blog\/wp-json\/wp\/v2\/users\/1"}],"replies":[{"embeddable":true,"href":"https:\/\/vert-rouge.com\/blog\/wp-json\/wp\/v2\/comments?post=305"}],"version-history":[{"count":26,"href":"https:\/\/vert-rouge.com\/blog\/wp-json\/wp\/v2\/pages\/305\/revisions"}],"predecessor-version":[{"id":794,"href":"https:\/\/vert-rouge.com\/blog\/wp-json\/wp\/v2\/pages\/305\/revisions\/794"}],"wp:attachment":[{"href":"https:\/\/vert-rouge.com\/blog\/wp-json\/wp\/v2\/media?parent=305"}],"curies":[{"name":"wp","href":"https:\/\/api.w.org\/{rel}","templated":true}]}}