{"id":366,"date":"2024-05-19T10:50:54","date_gmt":"2024-05-19T10:50:54","guid":{"rendered":"https:\/\/vert-rouge.com\/blog\/?page_id=366"},"modified":"2024-05-19T10:50:55","modified_gmt":"2024-05-19T10:50:55","slug":"comment-utiliser-le-zaatar-dans-votre-cuisine","status":"publish","type":"page","link":"https:\/\/vert-rouge.com\/blog\/comment-utiliser-le-zaatar-dans-votre-cuisine","title":{"rendered":"Comment utiliser le Zaatar dans votre cuisine ?"},"content":{"rendered":"\n<p>Le Zaatar est un m\u00e9lange d&rsquo;\u00e9pices embl\u00e9matique du Moyen-Orient et tr\u00e8s appr\u00e9ci\u00e9 et utilis\u00e9 dans la cuisine libanaise. C&rsquo;est aussi un m\u00e9lange d&rsquo;\u00e9pices non seulement d\u00e9licieux mais il offre aussi une multitude de bienfaits pour la sant\u00e9. Dans cet article, nous allons explorer comment vous pouvez facilement int\u00e9grer ce m\u00e9lange zaatar votre cuisine quotidienne, en mettant en lumi\u00e8re ses origines, ses propri\u00e9t\u00e9s et quelques id\u00e9es pour l&rsquo;utiliser simplement tous les jours.<\/p>\n\n\n\n<h2>Qu&rsquo;est-ce que le Zaatar ?<\/h2>\n\n\n\n<p>Le Zaatar est un m\u00e9lange d&rsquo;\u00e9pices traditionnel qui se compose principalement de thym, de <a href=\"https:\/\/vert-rouge.com\/sumac\/20-sumac-moulu.html\">sumac<\/a> et de graines de s\u00e9same. On retrouve aussi d&rsquo;autres m\u00e9langes qui peuvent inclure de la marjolaine, de l&rsquo;origan et du sel. Chaque famille et chaque r\u00e9gion a sa propre version, ce qui rend le Zaatar extr\u00eamement versatile et riche en saveurs vari\u00e9es. Traditionnellement, et c&rsquo;est le cas de notre <a href=\"https:\/\/vert-rouge.com\/zaatar\/22-43-zaatar.html#\/26-poids-30g\" target=\"_blank\" rel=\"noreferrer noopener\">Zaatar libanais<\/a>, trois \u00e9pices le compose :<\/p>\n\n\n\n<ul>\n<li><strong>Le thym s\u00e9ch\u00e9<\/strong> : Qui constitue l&rsquo;herbe de base du m\u00e9lange zaatar et lui apporte un ar\u00f4me terreux et une saveur subtilement piquante.<\/li>\n\n\n\n<li><strong>Le sumac<\/strong> : Qui ajoute la touche acidul\u00e9e et citronn\u00e9e.<\/li>\n\n\n\n<li><strong>Les graines de s\u00e9same<\/strong> (torr\u00e9fi\u00e9es) : Qui offrent une texture croquante et une saveur de noisette.<\/li>\n<\/ul>\n\n\n\n<h2>Les Bienfaits du Zaatar<\/h2>\n\n\n\n<p>Le Zaatar n&rsquo;est pas seulement appr\u00e9ci\u00e9 pour son go\u00fbt, il est aussi reconnu pour ses nombreuses vertus et bienfaits pour la sant\u00e9 :<\/p>\n\n\n\n<ul>\n<li><strong>Antioxydants<\/strong> : Les ingr\u00e9dients du zaatar sont riches en antioxydants.<\/li>\n\n\n\n<li><strong>Propri\u00e9t\u00e9s anti-inflammatoires<\/strong> : Le thym et le sumac poss\u00e8dent des propri\u00e9t\u00e9s anti-inflammatoires naturelles.<\/li>\n\n\n\n<li><strong>Digestif<\/strong> : Le zaatar est souvent utilis\u00e9 pour am\u00e9liorer la digestion et apaiser les maux d&rsquo;estomac.<\/li>\n\n\n\n<li><strong>Renforcement du syst\u00e8me immunitaire<\/strong> : Les herbes et les \u00e9pices du zaatar contiennent des vitamines et des min\u00e9raux essentiels qui peuvent aider \u00e0 renforcer le syst\u00e8me immunitaire.<\/li>\n<\/ul>\n\n\n\n<figure class=\"wp-block-image\"><a href=\"https:\/\/vert-rouge.com\/zaatar\/22-43-zaatar.html#\/26-poids-30g\"><img fetchpriority=\"high\" decoding=\"async\" width=\"800\" height=\"100\" src=\"https:\/\/vert-rouge.com\/blog\/wp-content\/uploads\/2021\/11\/banniere-epice_zaatar2-1.jpg\" alt=\"D\u00e9couvrir l'\u00e9pice zaatar\" class=\"wp-image-200\" srcset=\"https:\/\/vert-rouge.com\/blog\/wp-content\/uploads\/2021\/11\/banniere-epice_zaatar2-1.jpg 800w, https:\/\/vert-rouge.com\/blog\/wp-content\/uploads\/2021\/11\/banniere-epice_zaatar2-1-300x38.jpg 300w, https:\/\/vert-rouge.com\/blog\/wp-content\/uploads\/2021\/11\/banniere-epice_zaatar2-1-768x96.jpg 768w, https:\/\/vert-rouge.com\/blog\/wp-content\/uploads\/2021\/11\/banniere-epice_zaatar2-1-480x60.jpg 480w\" sizes=\"(max-width: 800px) 100vw, 800px\" \/><\/a><\/figure>\n\n\n\n<h2>Pourquoi utiliser le zaatar dans la cuisine quotidienne ?<\/h2>\n\n\n\n<p>Le Zaatar est incroyablement polyvalent et vous pouvez l&rsquo;utiliser de nombreuses mani\u00e8res dans votre cuisine. En effet, que vous soyez un cuisinier amateur ou un chef exp\u00e9riment\u00e9, le zaatar peut transformer vos plats quotidiens en cr\u00e9ations culinaires savoureuses et nutritives. <\/p>\n\n\n\n<p>Voici quelques raisons pour lesquelles vous devriez envisager d&rsquo;utiliser le zaatar r\u00e9guli\u00e8rement :<\/p>\n\n\n\n<ul>\n<li><strong>Facilit\u00e9 d&rsquo;utilisation<\/strong> : Le zaatar peut \u00eatre saupoudr\u00e9 sur presque tout : la viande, les l\u00e9gumes, les salades et le pain.<\/li>\n\n\n\n<li><strong>\u00c9conomie de temps<\/strong> : le zaatar est un m\u00e9lange d&rsquo;\u00e9pices qui se suffit \u00e0 lui m\u00eame.<\/li>\n<\/ul>\n\n\n\n<h2>Comment utiliser le zaatar dans votre cuisine ?<\/h2>\n\n\n\n<h3>1. Pour assaisonner vos viandes <\/h3>\n\n\n\n<p>Le m\u00e9lange zaatar est un excellent assaisonnement pour toutes vos viandes : poulet, agneau ou boeuf. De ce fait, vous pouvez utiliser le m\u00e9lange comme marinade en le m\u00e9langeant avec de l&rsquo;huile d&rsquo;olive et du jus de citron. Ensuite, laissez mariner la viande pendant quelques heures avant de la cuire.<\/p>\n\n\n\n<h3>2. Pour assaisonner vos salades<\/h3>\n\n\n\n<p>Saupoudrez du zaatar sur vos salades pour y ajouter de nouvelles saveurs ! Par exemple, il se marie particuli\u00e8rement bien avec les salades de tomates, de concombre et de poivrons. Aussi, vous pouvez l&rsquo;incorporer dans vos vinaigrettes pour une touche exotique.<\/p>\n\n\n\n<h3>3. Pour relever vos L\u00e9gumes<\/h3>\n\n\n\n<p>Les l\u00e9gumes r\u00f4tis au zaatar sont un accompagnement d\u00e9licieux et sain. M\u00e9langez simplement vos l\u00e9gumes pr\u00e9f\u00e9r\u00e9s avec de l&rsquo;huile d&rsquo;olive et du Zaatar, puis faites-les r\u00f4tir au four. Ce m\u00e9lange d&rsquo;\u00e9pices apporte une saveur unique qui rehausse les l\u00e9gumes les plus simples, comme par exemple la r\u00e9alisation de <a href=\"https:\/\/vert-rouge.com\/blog\/accompagnement-de-plats\/frites-de-courgette-healthy-au-four\/\" target=\"_blank\" rel=\"noreferrer noopener\">frites de courgettes au four<\/a>. <\/p>\n\n\n\n<h3>4. Garniture pour le Pain<\/h3>\n\n\n\n<p>Le pain au zaatar est un classique de la cuisine libanaise. Vous pouvez badigeonner votre pain de zaatar m\u00e9lang\u00e9 \u00e0 de l&rsquo;huile d&rsquo;olive avant de le cuire au four.<\/p>\n\n\n\n<p><\/p>\n\n\n\n<p>Le Zaatar est une \u00e9pice incroyable qui permet d&rsquo;enrichir votre cuisine quotidienne de nombreuses fa\u00e7ons. En effet, sa polyvalence, ses bienfaits pour la sant\u00e9 et sa capacit\u00e9 \u00e0 transformer des plats simples en cr\u00e9ations gastronomiques en font un ajout pr\u00e9cieux \u00e0 toute cuisine. Que vous soyez novice ou expert en cuisine, exp\u00e9rimenter avec le Zaatar peut ouvrir de nouvelles perspectives culinaires et apporter une touche de magie orientale \u00e0 vos repas.<\/p>\n\n\n\n<p>Pour conclure, n&rsquo;h\u00e9sitez pas \u00e0 essayer ces id\u00e9es et \u00e0 explorer d&rsquo;autres fa\u00e7ons d&rsquo;utiliser le Za&rsquo;atar. Vous serez surpris par la facilit\u00e9 avec laquelle il peut s&rsquo;int\u00e9grer dans votre routine culinaire et am\u00e9liorer vos plats quotidiens. Bonne cuisine et savourez chaque bouch\u00e9e !<\/p>\n","protected":false},"excerpt":{"rendered":"<p>Le Zaatar est un m\u00e9lange d&rsquo;\u00e9pices embl\u00e9matique du Moyen-Orient et tr\u00e8s appr\u00e9ci\u00e9 et utilis\u00e9 dans la cuisine libanaise. C&rsquo;est aussi un m\u00e9lange d&rsquo;\u00e9pices non seulement d\u00e9licieux mais il offre aussi une multitude de bienfaits pour la sant\u00e9. Dans cet article, nous allons explorer comment vous pouvez facilement int\u00e9grer ce m\u00e9lange zaatar votre cuisine quotidienne, en mettant en lumi\u00e8re ses origines, &hellip; <\/p>\n","protected":false},"author":1,"featured_media":0,"parent":0,"menu_order":0,"comment_status":"closed","ping_status":"closed","template":"","meta":[],"yoast_head":"<!-- This site is optimized with the Yoast SEO plugin v18.4 - https:\/\/yoast.com\/wordpress\/plugins\/seo\/ -->\n<title>Comment utiliser le Zaatar dans votre cuisine ? - Blog Vert&amp;Rouge - Epicerie libanaise en ligne<\/title>\n<meta name=\"description\" content=\"En assaisonnement de viandes ou de l\u00e9gumes, d\u00e9couvrez comment utiliser facilement le Zaatar dans votre cuisine au quotidien.\" \/>\n<meta name=\"robots\" content=\"index, follow, max-snippet:-1, max-image-preview:large, max-video-preview:-1\" \/>\n<link rel=\"canonical\" href=\"https:\/\/vert-rouge.com\/blog\/comment-utiliser-le-zaatar-dans-votre-cuisine\" \/>\n<meta property=\"og:locale\" content=\"fr_FR\" \/>\n<meta property=\"og:type\" content=\"article\" \/>\n<meta property=\"og:title\" content=\"Comment utiliser le Zaatar dans votre cuisine ? - Blog Vert&amp;Rouge - Epicerie libanaise en ligne\" \/>\n<meta property=\"og:description\" content=\"En assaisonnement de viandes ou de l\u00e9gumes, d\u00e9couvrez comment utiliser facilement le Zaatar dans votre cuisine au quotidien.\" \/>\n<meta property=\"og:url\" content=\"https:\/\/vert-rouge.com\/blog\/comment-utiliser-le-zaatar-dans-votre-cuisine\" \/>\n<meta property=\"og:site_name\" content=\"Blog Vert&amp;Rouge - Epicerie libanaise en ligne\" \/>\n<meta property=\"article:publisher\" content=\"https:\/\/www.facebook.com\/epicerievertrouge\" \/>\n<meta property=\"article:modified_time\" content=\"2024-05-19T10:50:55+00:00\" \/>\n<meta property=\"og:image\" content=\"https:\/\/vert-rouge.com\/blog\/wp-content\/uploads\/2021\/11\/banniere-epice_zaatar2-1.jpg\" \/>\n<meta name=\"twitter:card\" content=\"summary_large_image\" \/>\n<meta name=\"twitter:label1\" content=\"Dur\u00e9e de lecture estim\u00e9e\" \/>\n\t<meta name=\"twitter:data1\" content=\"4 minutes\" \/>\n<script type=\"application\/ld+json\" class=\"yoast-schema-graph\">{\"@context\":\"https:\/\/schema.org\",\"@graph\":[{\"@type\":\"Organization\",\"@id\":\"https:\/\/vert-rouge.com\/blog\/#organization\",\"name\":\"L'Epicertie Vert&Rouge\",\"url\":\"https:\/\/vert-rouge.com\/blog\/\",\"sameAs\":[\"https:\/\/www.facebook.com\/epicerievertrouge\",\"https:\/\/www.instagram.com\/lepicerievertrouge\/\"],\"logo\":{\"@type\":\"ImageObject\",\"@id\":\"https:\/\/vert-rouge.com\/blog\/#logo\",\"inLanguage\":\"fr-FR\",\"url\":\"https:\/\/vert-rouge.com\/blog\/wp-content\/uploads\/2021\/11\/cropped-logo_vert_rouge_3.png\",\"contentUrl\":\"https:\/\/vert-rouge.com\/blog\/wp-content\/uploads\/2021\/11\/cropped-logo_vert_rouge_3.png\",\"width\":199,\"height\":40,\"caption\":\"L'Epicertie Vert&Rouge\"},\"image\":{\"@id\":\"https:\/\/vert-rouge.com\/blog\/#logo\"}},{\"@type\":\"WebSite\",\"@id\":\"https:\/\/vert-rouge.com\/blog\/#website\",\"url\":\"https:\/\/vert-rouge.com\/blog\/\",\"name\":\"Blog Vert&amp;Rouge - Epicerie libanaise en ligne\",\"description\":\"des recettes, des condiments, des &eacute;pices et des infusions\",\"publisher\":{\"@id\":\"https:\/\/vert-rouge.com\/blog\/#organization\"},\"potentialAction\":[{\"@type\":\"SearchAction\",\"target\":{\"@type\":\"EntryPoint\",\"urlTemplate\":\"https:\/\/vert-rouge.com\/blog\/?s={search_term_string}\"},\"query-input\":\"required name=search_term_string\"}],\"inLanguage\":\"fr-FR\"},{\"@type\":\"ImageObject\",\"@id\":\"https:\/\/vert-rouge.com\/blog\/comment-utiliser-le-zaatar-dans-votre-cuisine#primaryimage\",\"inLanguage\":\"fr-FR\",\"url\":\"https:\/\/vert-rouge.com\/blog\/wp-content\/uploads\/2021\/11\/banniere-epice_zaatar2-1.jpg\",\"contentUrl\":\"https:\/\/vert-rouge.com\/blog\/wp-content\/uploads\/2021\/11\/banniere-epice_zaatar2-1.jpg\",\"width\":800,\"height\":100},{\"@type\":\"WebPage\",\"@id\":\"https:\/\/vert-rouge.com\/blog\/comment-utiliser-le-zaatar-dans-votre-cuisine#webpage\",\"url\":\"https:\/\/vert-rouge.com\/blog\/comment-utiliser-le-zaatar-dans-votre-cuisine\",\"name\":\"Comment utiliser le Zaatar dans votre cuisine ? - Blog Vert&amp;Rouge - Epicerie libanaise en ligne\",\"isPartOf\":{\"@id\":\"https:\/\/vert-rouge.com\/blog\/#website\"},\"primaryImageOfPage\":{\"@id\":\"https:\/\/vert-rouge.com\/blog\/comment-utiliser-le-zaatar-dans-votre-cuisine#primaryimage\"},\"datePublished\":\"2024-05-19T10:50:54+00:00\",\"dateModified\":\"2024-05-19T10:50:55+00:00\",\"description\":\"En assaisonnement de viandes ou de l\u00e9gumes, d\u00e9couvrez comment utiliser facilement le Zaatar dans votre cuisine au quotidien.\",\"breadcrumb\":{\"@id\":\"https:\/\/vert-rouge.com\/blog\/comment-utiliser-le-zaatar-dans-votre-cuisine#breadcrumb\"},\"inLanguage\":\"fr-FR\",\"potentialAction\":[{\"@type\":\"ReadAction\",\"target\":[\"https:\/\/vert-rouge.com\/blog\/comment-utiliser-le-zaatar-dans-votre-cuisine\"]}]},{\"@type\":\"BreadcrumbList\",\"@id\":\"https:\/\/vert-rouge.com\/blog\/comment-utiliser-le-zaatar-dans-votre-cuisine#breadcrumb\",\"itemListElement\":[{\"@type\":\"ListItem\",\"position\":1,\"name\":\"Accueil\",\"item\":\"https:\/\/vert-rouge.com\/blog\/\"},{\"@type\":\"ListItem\",\"position\":2,\"name\":\"Comment utiliser le Zaatar dans votre cuisine ?\"}]}]}<\/script>\n<!-- \/ Yoast SEO plugin. -->","yoast_head_json":{"title":"Comment utiliser le Zaatar dans votre cuisine ? - Blog Vert&amp;Rouge - Epicerie libanaise en ligne","description":"En assaisonnement de viandes ou de l\u00e9gumes, d\u00e9couvrez comment utiliser facilement le Zaatar dans votre cuisine au quotidien.","robots":{"index":"index","follow":"follow","max-snippet":"max-snippet:-1","max-image-preview":"max-image-preview:large","max-video-preview":"max-video-preview:-1"},"canonical":"https:\/\/vert-rouge.com\/blog\/comment-utiliser-le-zaatar-dans-votre-cuisine","og_locale":"fr_FR","og_type":"article","og_title":"Comment utiliser le Zaatar dans votre cuisine ? - Blog Vert&amp;Rouge - Epicerie libanaise en ligne","og_description":"En assaisonnement de viandes ou de l\u00e9gumes, d\u00e9couvrez comment utiliser facilement le Zaatar dans votre cuisine au quotidien.","og_url":"https:\/\/vert-rouge.com\/blog\/comment-utiliser-le-zaatar-dans-votre-cuisine","og_site_name":"Blog Vert&amp;Rouge - Epicerie libanaise en ligne","article_publisher":"https:\/\/www.facebook.com\/epicerievertrouge","article_modified_time":"2024-05-19T10:50:55+00:00","og_image":[{"url":"https:\/\/vert-rouge.com\/blog\/wp-content\/uploads\/2021\/11\/banniere-epice_zaatar2-1.jpg"}],"twitter_card":"summary_large_image","twitter_misc":{"Dur\u00e9e de lecture estim\u00e9e":"4 minutes"},"schema":{"@context":"https:\/\/schema.org","@graph":[{"@type":"Organization","@id":"https:\/\/vert-rouge.com\/blog\/#organization","name":"L'Epicertie Vert&Rouge","url":"https:\/\/vert-rouge.com\/blog\/","sameAs":["https:\/\/www.facebook.com\/epicerievertrouge","https:\/\/www.instagram.com\/lepicerievertrouge\/"],"logo":{"@type":"ImageObject","@id":"https:\/\/vert-rouge.com\/blog\/#logo","inLanguage":"fr-FR","url":"https:\/\/vert-rouge.com\/blog\/wp-content\/uploads\/2021\/11\/cropped-logo_vert_rouge_3.png","contentUrl":"https:\/\/vert-rouge.com\/blog\/wp-content\/uploads\/2021\/11\/cropped-logo_vert_rouge_3.png","width":199,"height":40,"caption":"L'Epicertie Vert&Rouge"},"image":{"@id":"https:\/\/vert-rouge.com\/blog\/#logo"}},{"@type":"WebSite","@id":"https:\/\/vert-rouge.com\/blog\/#website","url":"https:\/\/vert-rouge.com\/blog\/","name":"Blog Vert&amp;Rouge - Epicerie libanaise en ligne","description":"des recettes, des condiments, des &eacute;pices et des infusions","publisher":{"@id":"https:\/\/vert-rouge.com\/blog\/#organization"},"potentialAction":[{"@type":"SearchAction","target":{"@type":"EntryPoint","urlTemplate":"https:\/\/vert-rouge.com\/blog\/?s={search_term_string}"},"query-input":"required name=search_term_string"}],"inLanguage":"fr-FR"},{"@type":"ImageObject","@id":"https:\/\/vert-rouge.com\/blog\/comment-utiliser-le-zaatar-dans-votre-cuisine#primaryimage","inLanguage":"fr-FR","url":"https:\/\/vert-rouge.com\/blog\/wp-content\/uploads\/2021\/11\/banniere-epice_zaatar2-1.jpg","contentUrl":"https:\/\/vert-rouge.com\/blog\/wp-content\/uploads\/2021\/11\/banniere-epice_zaatar2-1.jpg","width":800,"height":100},{"@type":"WebPage","@id":"https:\/\/vert-rouge.com\/blog\/comment-utiliser-le-zaatar-dans-votre-cuisine#webpage","url":"https:\/\/vert-rouge.com\/blog\/comment-utiliser-le-zaatar-dans-votre-cuisine","name":"Comment utiliser le Zaatar dans votre cuisine ? - Blog Vert&amp;Rouge - Epicerie libanaise en ligne","isPartOf":{"@id":"https:\/\/vert-rouge.com\/blog\/#website"},"primaryImageOfPage":{"@id":"https:\/\/vert-rouge.com\/blog\/comment-utiliser-le-zaatar-dans-votre-cuisine#primaryimage"},"datePublished":"2024-05-19T10:50:54+00:00","dateModified":"2024-05-19T10:50:55+00:00","description":"En assaisonnement de viandes ou de l\u00e9gumes, d\u00e9couvrez comment utiliser facilement le Zaatar dans votre cuisine au quotidien.","breadcrumb":{"@id":"https:\/\/vert-rouge.com\/blog\/comment-utiliser-le-zaatar-dans-votre-cuisine#breadcrumb"},"inLanguage":"fr-FR","potentialAction":[{"@type":"ReadAction","target":["https:\/\/vert-rouge.com\/blog\/comment-utiliser-le-zaatar-dans-votre-cuisine"]}]},{"@type":"BreadcrumbList","@id":"https:\/\/vert-rouge.com\/blog\/comment-utiliser-le-zaatar-dans-votre-cuisine#breadcrumb","itemListElement":[{"@type":"ListItem","position":1,"name":"Accueil","item":"https:\/\/vert-rouge.com\/blog\/"},{"@type":"ListItem","position":2,"name":"Comment utiliser le Zaatar dans votre cuisine ?"}]}]}},"_links":{"self":[{"href":"https:\/\/vert-rouge.com\/blog\/wp-json\/wp\/v2\/pages\/366"}],"collection":[{"href":"https:\/\/vert-rouge.com\/blog\/wp-json\/wp\/v2\/pages"}],"about":[{"href":"https:\/\/vert-rouge.com\/blog\/wp-json\/wp\/v2\/types\/page"}],"author":[{"embeddable":true,"href":"https:\/\/vert-rouge.com\/blog\/wp-json\/wp\/v2\/users\/1"}],"replies":[{"embeddable":true,"href":"https:\/\/vert-rouge.com\/blog\/wp-json\/wp\/v2\/comments?post=366"}],"version-history":[{"count":1,"href":"https:\/\/vert-rouge.com\/blog\/wp-json\/wp\/v2\/pages\/366\/revisions"}],"predecessor-version":[{"id":367,"href":"https:\/\/vert-rouge.com\/blog\/wp-json\/wp\/v2\/pages\/366\/revisions\/367"}],"wp:attachment":[{"href":"https:\/\/vert-rouge.com\/blog\/wp-json\/wp\/v2\/media?parent=366"}],"curies":[{"name":"wp","href":"https:\/\/api.w.org\/{rel}","templated":true}]}}