{"id":771,"date":"2025-02-16T14:29:29","date_gmt":"2025-02-16T13:29:29","guid":{"rendered":"https:\/\/vert-rouge.com\/blog\/?page_id=771"},"modified":"2025-02-16T14:33:03","modified_gmt":"2025-02-16T13:33:03","slug":"telechargez-notre-e-book","status":"publish","type":"page","link":"https:\/\/vert-rouge.com\/blog\/telechargez-notre-e-book","title":{"rendered":"T\u00e9l\u00e9chargez notre e-book"},"content":{"rendered":"\n<p><\/p>\n\n\n\n<p>Dans ce e-book, vous trouverez 10 recettes faciles et rapides \u00e0 cuisiner dans lesquelles vous pourrez facilement int\u00e9grer du sumac et du zaatar ! <\/p>\n\n\n\n<p>Bon app\u00e9tit ! <\/p>\n\n\n\n<p><\/p>\n\n\n\n<p>Pour recevoir gratuitement notre e-book, veuillez renseigner ce formulaire ci-dessous. <\/p>\n\n\n<script>(function() {\n\twindow.mc4wp = window.mc4wp || {\n\t\tlisteners: [],\n\t\tforms: {\n\t\t\ton: function(evt, cb) {\n\t\t\t\twindow.mc4wp.listeners.push(\n\t\t\t\t\t{\n\t\t\t\t\t\tevent   : evt,\n\t\t\t\t\t\tcallback: cb\n\t\t\t\t\t}\n\t\t\t\t);\n\t\t\t}\n\t\t}\n\t}\n})();\n<\/script><!-- Mailchimp for WordPress v4.10.1 - https:\/\/wordpress.org\/plugins\/mailchimp-for-wp\/ --><form id=\"mc4wp-form-1\" class=\"mc4wp-form mc4wp-form-777\" method=\"post\" data-id=\"777\" data-name=\"Formulaire t\u00e9l\u00e9chargement ebook recettes\" ><div class=\"mc4wp-form-fields\"><p>\r\n    \r\n        <label for=\"email\" style=\"margin-right: 10px;\"> \r\n            <input type=\"email\" id=\"email\" name=\"EMAIL\" placeholder=\"Votre adresse e-mail\" required \r\n                   style=\"padding: 10px; margin-right: 10px; border: 1px solid #ccc; border-radius: 5px; font-size: 16px; width: 250px;\">\r\n        <\/label>\r\n\r\n        <input type=\"submit\" value=\"Obtenir les recettes\" \r\n               style=\"padding: 10px 20px; background-color: #3b5e0c; color: white; border: none; border-radius: 5px; font-family: 'Poppins', sans-serif; font-weight: 600; font-size: 16px; cursor: pointer;\">\r\n    \r\n<\/p>\r\n<\/div><label style=\"display: none !important;\">Laissez ce champ vide si vous \u00eates humain\u00a0: <input type=\"text\" name=\"_mc4wp_honeypot\" value=\"\" tabindex=\"-1\" autocomplete=\"off\" \/><\/label><input type=\"hidden\" name=\"_mc4wp_timestamp\" value=\"1776322196\" \/><input type=\"hidden\" name=\"_mc4wp_form_id\" value=\"777\" \/><input type=\"hidden\" name=\"_mc4wp_form_element_id\" value=\"mc4wp-form-1\" \/><div class=\"mc4wp-response\"><\/div><\/form><!-- \/ Mailchimp for WordPress Plugin -->\n","protected":false},"excerpt":{"rendered":"<p>Dans ce e-book, vous trouverez 10 recettes faciles et rapides \u00e0 cuisiner dans lesquelles vous pourrez facilement int\u00e9grer du sumac et du zaatar ! Bon app\u00e9tit ! Pour recevoir gratuitement notre e-book, veuillez renseigner ce formulaire ci-dessous.<\/p>\n","protected":false},"author":1,"featured_media":0,"parent":0,"menu_order":0,"comment_status":"closed","ping_status":"closed","template":"","meta":[],"yoast_head":"<!-- This site is optimized with the Yoast SEO plugin v18.4 - https:\/\/yoast.com\/wordpress\/plugins\/seo\/ -->\n<title>T\u00e9l\u00e9chargez notre e-book - Blog Vert&amp;Rouge - Epicerie libanaise en ligne<\/title>\n<meta name=\"robots\" content=\"index, follow, max-snippet:-1, max-image-preview:large, max-video-preview:-1\" \/>\n<link rel=\"canonical\" href=\"https:\/\/vert-rouge.com\/blog\/telechargez-notre-e-book\" \/>\n<meta property=\"og:locale\" content=\"fr_FR\" \/>\n<meta property=\"og:type\" content=\"article\" \/>\n<meta property=\"og:title\" content=\"T\u00e9l\u00e9chargez notre e-book - Blog Vert&amp;Rouge - Epicerie libanaise en ligne\" \/>\n<meta property=\"og:description\" content=\"Dans ce e-book, vous trouverez 10 recettes faciles et rapides \u00e0 cuisiner dans lesquelles vous pourrez facilement int\u00e9grer du sumac et du zaatar ! Bon app\u00e9tit ! Pour recevoir gratuitement notre e-book, veuillez renseigner ce formulaire ci-dessous.\" \/>\n<meta property=\"og:url\" content=\"https:\/\/vert-rouge.com\/blog\/telechargez-notre-e-book\" \/>\n<meta property=\"og:site_name\" content=\"Blog Vert&amp;Rouge - Epicerie libanaise en ligne\" \/>\n<meta property=\"article:publisher\" content=\"https:\/\/www.facebook.com\/epicerievertrouge\" \/>\n<meta property=\"article:modified_time\" content=\"2025-02-16T13:33:03+00:00\" \/>\n<meta name=\"twitter:card\" content=\"summary_large_image\" \/>\n<meta name=\"twitter:label1\" content=\"Dur\u00e9e de lecture estim\u00e9e\" \/>\n\t<meta name=\"twitter:data1\" content=\"1 minute\" \/>\n<script type=\"application\/ld+json\" class=\"yoast-schema-graph\">{\"@context\":\"https:\/\/schema.org\",\"@graph\":[{\"@type\":\"Organization\",\"@id\":\"https:\/\/vert-rouge.com\/blog\/#organization\",\"name\":\"L'Epicertie Vert&Rouge\",\"url\":\"https:\/\/vert-rouge.com\/blog\/\",\"sameAs\":[\"https:\/\/www.facebook.com\/epicerievertrouge\",\"https:\/\/www.instagram.com\/lepicerievertrouge\/\"],\"logo\":{\"@type\":\"ImageObject\",\"@id\":\"https:\/\/vert-rouge.com\/blog\/#logo\",\"inLanguage\":\"fr-FR\",\"url\":\"https:\/\/vert-rouge.com\/blog\/wp-content\/uploads\/2021\/11\/cropped-logo_vert_rouge_3.png\",\"contentUrl\":\"https:\/\/vert-rouge.com\/blog\/wp-content\/uploads\/2021\/11\/cropped-logo_vert_rouge_3.png\",\"width\":199,\"height\":40,\"caption\":\"L'Epicertie Vert&Rouge\"},\"image\":{\"@id\":\"https:\/\/vert-rouge.com\/blog\/#logo\"}},{\"@type\":\"WebSite\",\"@id\":\"https:\/\/vert-rouge.com\/blog\/#website\",\"url\":\"https:\/\/vert-rouge.com\/blog\/\",\"name\":\"Blog Vert&amp;Rouge - Epicerie libanaise en ligne\",\"description\":\"des recettes, des condiments, des &eacute;pices et des infusions\",\"publisher\":{\"@id\":\"https:\/\/vert-rouge.com\/blog\/#organization\"},\"potentialAction\":[{\"@type\":\"SearchAction\",\"target\":{\"@type\":\"EntryPoint\",\"urlTemplate\":\"https:\/\/vert-rouge.com\/blog\/?s={search_term_string}\"},\"query-input\":\"required name=search_term_string\"}],\"inLanguage\":\"fr-FR\"},{\"@type\":\"WebPage\",\"@id\":\"https:\/\/vert-rouge.com\/blog\/telechargez-notre-e-book#webpage\",\"url\":\"https:\/\/vert-rouge.com\/blog\/telechargez-notre-e-book\",\"name\":\"T\u00e9l\u00e9chargez notre e-book - Blog Vert&amp;Rouge - Epicerie libanaise en ligne\",\"isPartOf\":{\"@id\":\"https:\/\/vert-rouge.com\/blog\/#website\"},\"datePublished\":\"2025-02-16T13:29:29+00:00\",\"dateModified\":\"2025-02-16T13:33:03+00:00\",\"breadcrumb\":{\"@id\":\"https:\/\/vert-rouge.com\/blog\/telechargez-notre-e-book#breadcrumb\"},\"inLanguage\":\"fr-FR\",\"potentialAction\":[{\"@type\":\"ReadAction\",\"target\":[\"https:\/\/vert-rouge.com\/blog\/telechargez-notre-e-book\"]}]},{\"@type\":\"BreadcrumbList\",\"@id\":\"https:\/\/vert-rouge.com\/blog\/telechargez-notre-e-book#breadcrumb\",\"itemListElement\":[{\"@type\":\"ListItem\",\"position\":1,\"name\":\"Accueil\",\"item\":\"https:\/\/vert-rouge.com\/blog\/\"},{\"@type\":\"ListItem\",\"position\":2,\"name\":\"T\u00e9l\u00e9chargez notre e-book\"}]}]}<\/script>\n<!-- \/ Yoast SEO plugin. -->","yoast_head_json":{"title":"T\u00e9l\u00e9chargez notre e-book - Blog Vert&amp;Rouge - Epicerie libanaise en ligne","robots":{"index":"index","follow":"follow","max-snippet":"max-snippet:-1","max-image-preview":"max-image-preview:large","max-video-preview":"max-video-preview:-1"},"canonical":"https:\/\/vert-rouge.com\/blog\/telechargez-notre-e-book","og_locale":"fr_FR","og_type":"article","og_title":"T\u00e9l\u00e9chargez notre e-book - Blog Vert&amp;Rouge - Epicerie libanaise en ligne","og_description":"Dans ce e-book, vous trouverez 10 recettes faciles et rapides \u00e0 cuisiner dans lesquelles vous pourrez facilement int\u00e9grer du sumac et du zaatar ! Bon app\u00e9tit ! Pour recevoir gratuitement notre e-book, veuillez renseigner ce formulaire ci-dessous.","og_url":"https:\/\/vert-rouge.com\/blog\/telechargez-notre-e-book","og_site_name":"Blog Vert&amp;Rouge - Epicerie libanaise en ligne","article_publisher":"https:\/\/www.facebook.com\/epicerievertrouge","article_modified_time":"2025-02-16T13:33:03+00:00","twitter_card":"summary_large_image","twitter_misc":{"Dur\u00e9e de lecture estim\u00e9e":"1 minute"},"schema":{"@context":"https:\/\/schema.org","@graph":[{"@type":"Organization","@id":"https:\/\/vert-rouge.com\/blog\/#organization","name":"L'Epicertie Vert&Rouge","url":"https:\/\/vert-rouge.com\/blog\/","sameAs":["https:\/\/www.facebook.com\/epicerievertrouge","https:\/\/www.instagram.com\/lepicerievertrouge\/"],"logo":{"@type":"ImageObject","@id":"https:\/\/vert-rouge.com\/blog\/#logo","inLanguage":"fr-FR","url":"https:\/\/vert-rouge.com\/blog\/wp-content\/uploads\/2021\/11\/cropped-logo_vert_rouge_3.png","contentUrl":"https:\/\/vert-rouge.com\/blog\/wp-content\/uploads\/2021\/11\/cropped-logo_vert_rouge_3.png","width":199,"height":40,"caption":"L'Epicertie Vert&Rouge"},"image":{"@id":"https:\/\/vert-rouge.com\/blog\/#logo"}},{"@type":"WebSite","@id":"https:\/\/vert-rouge.com\/blog\/#website","url":"https:\/\/vert-rouge.com\/blog\/","name":"Blog Vert&amp;Rouge - Epicerie libanaise en ligne","description":"des recettes, des condiments, des &eacute;pices et des infusions","publisher":{"@id":"https:\/\/vert-rouge.com\/blog\/#organization"},"potentialAction":[{"@type":"SearchAction","target":{"@type":"EntryPoint","urlTemplate":"https:\/\/vert-rouge.com\/blog\/?s={search_term_string}"},"query-input":"required name=search_term_string"}],"inLanguage":"fr-FR"},{"@type":"WebPage","@id":"https:\/\/vert-rouge.com\/blog\/telechargez-notre-e-book#webpage","url":"https:\/\/vert-rouge.com\/blog\/telechargez-notre-e-book","name":"T\u00e9l\u00e9chargez notre e-book - Blog Vert&amp;Rouge - Epicerie libanaise en ligne","isPartOf":{"@id":"https:\/\/vert-rouge.com\/blog\/#website"},"datePublished":"2025-02-16T13:29:29+00:00","dateModified":"2025-02-16T13:33:03+00:00","breadcrumb":{"@id":"https:\/\/vert-rouge.com\/blog\/telechargez-notre-e-book#breadcrumb"},"inLanguage":"fr-FR","potentialAction":[{"@type":"ReadAction","target":["https:\/\/vert-rouge.com\/blog\/telechargez-notre-e-book"]}]},{"@type":"BreadcrumbList","@id":"https:\/\/vert-rouge.com\/blog\/telechargez-notre-e-book#breadcrumb","itemListElement":[{"@type":"ListItem","position":1,"name":"Accueil","item":"https:\/\/vert-rouge.com\/blog\/"},{"@type":"ListItem","position":2,"name":"T\u00e9l\u00e9chargez notre e-book"}]}]}},"_links":{"self":[{"href":"https:\/\/vert-rouge.com\/blog\/wp-json\/wp\/v2\/pages\/771"}],"collection":[{"href":"https:\/\/vert-rouge.com\/blog\/wp-json\/wp\/v2\/pages"}],"about":[{"href":"https:\/\/vert-rouge.com\/blog\/wp-json\/wp\/v2\/types\/page"}],"author":[{"embeddable":true,"href":"https:\/\/vert-rouge.com\/blog\/wp-json\/wp\/v2\/users\/1"}],"replies":[{"embeddable":true,"href":"https:\/\/vert-rouge.com\/blog\/wp-json\/wp\/v2\/comments?post=771"}],"version-history":[{"count":8,"href":"https:\/\/vert-rouge.com\/blog\/wp-json\/wp\/v2\/pages\/771\/revisions"}],"predecessor-version":[{"id":784,"href":"https:\/\/vert-rouge.com\/blog\/wp-json\/wp\/v2\/pages\/771\/revisions\/784"}],"wp:attachment":[{"href":"https:\/\/vert-rouge.com\/blog\/wp-json\/wp\/v2\/media?parent=771"}],"curies":[{"name":"wp","href":"https:\/\/api.w.org\/{rel}","templated":true}]}}